
{"id":140,"date":"2016-06-20T12:49:12","date_gmt":"2016-06-20T10:49:12","guid":{"rendered":"http:\/\/ableiges.fr\/?page_id=140"},"modified":"2021-02-26T16:32:18","modified_gmt":"2021-02-26T15:32:18","slug":"les-employes-communaux","status":"publish","type":"page","link":"https:\/\/ableiges.fr\/?page_id=140","title":{"rendered":"Les employ\u00e9s communaux"},"content":{"rendered":"<p>[vc_row][vc_column][vc_column_text]Aujourd\u2019hui, notre commune compte un peu plus de 1000 habitants et c\u2019est plus de 100 enfants qui se retrouvent quotidiennement dans nos deux \u00e9coles communales.<br \/>Il nous paraissait donc important de mieux vous faire conna\u00eetre les employ\u00e9s qui travaillent au sein de votre mairie.<\/p>\n<h3>Le secr\u00e9tariat<\/h3>\n<h4>Lydie<\/h4>\n<p style=\"text-align: left\">[\/vc_column_text][vc_row_inner][vc_column_inner width=&#8221;1\/3&#8243;]<a href=\"https:\/\/ableiges.fr\/wp-content\/uploads\/2021\/02\/1614347958280-scaled.jpg\"><img loading=\"lazy\" decoding=\"async\" class=\"alignright wp-image-5088 size-thumbnail\" src=\"https:\/\/ableiges.fr\/wp-content\/uploads\/2021\/02\/1614347958280-150x150.jpg\" alt=\"\" width=\"150\" height=\"150\" \/><\/a>[\/vc_column_inner][vc_column_inner width=&#8221;2\/3&#8243;][vc_column_text]Secr\u00e9taire de mairie, collaboratrice directe du maire,\u00a0 elle a en charge la pr\u00e9paration du conseil municipal, la gestion financi\u00e8re et la gestion du personnel, les subventions\u00a0 et les appels d&#8217;offres &#8230;\u00a0 [\/vc_column_text][\/vc_column_inner][\/vc_row_inner][vc_column_text]<!--more--><\/p>\n<h4>Nad\u00e8ge<\/h4>\n<p>[\/vc_column_text][vc_row_inner][vc_column_inner width=&#8221;2\/3&#8243;]<a href=\"https:\/\/ableiges.fr\/wp-content\/uploads\/2021\/02\/1614347958303-scaled.jpg\"><img loading=\"lazy\" decoding=\"async\" class=\"alignright wp-image-5090 size-thumbnail\" src=\"https:\/\/ableiges.fr\/wp-content\/uploads\/2021\/02\/1614347958303-150x150.jpg\" alt=\"\" width=\"150\" height=\"150\" \/><\/a>[vc_column_text] Adjointe administrative, elle a en charge la gestion de l&#8217;\u00e9cole et de la cantine, l&#8217;\u00e9tat civil (mariages, naissances, d\u00e9c\u00e8s..),\u00a0 le cimeti\u00e8re, la voirie et l&#8217;urbanisme et d&#8217;autres taches administratives en lien avec les commissions de la Mairie. Elle est d&#8217;une efficacit\u00e9 redoutable ![\/vc_column_text][\/vc_column_inner][vc_column_inner width=&#8221;1\/3&#8243;][\/vc_column_inner][\/vc_row_inner][vc_column_text]<\/p>\n<h3>Les services techniques<\/h3>\n<p>[\/vc_column_text][vc_column_text]<\/p>\n<h4>Jean-Fabrice<\/h4>\n<p>[\/vc_column_text][vc_row_inner][vc_column_inner width=&#8221;1\/3&#8243;][vc_single_image image=&#8221;142&#8243; img_size=&#8221;full&#8221; alignment=&#8221;center&#8221; onclick=&#8221;link_image&#8221;][\/vc_column_inner][vc_column_inner width=&#8221;2\/3&#8243;][vc_column_text]Jean-Fabrice dit \u00ab <em>Jean-Fab<\/em> \u00bb.<br \/>Agent de maitrise, il s\u2019occupe de l\u2019ensemble de l\u2019entretien des espaces verts, de la voirie et aussi de tous les b\u00e2timents communaux (mairie, \u00e9coles, \u00e9glises\u2026).<br \/>Il dit de son travail : \u00ab<em> c\u2019est un boulot hyper polyvalent. Ancien du village, j\u2019aime m\u2019investir dans ce qui restera toujours ma commune et en plus, dans une ambiance sympa<\/em> \u00bb.[\/vc_column_text][\/vc_column_inner][\/vc_row_inner][vc_column_text]<\/p>\n<h4>Ludovic<\/h4>\n<p>[\/vc_column_text][vc_row_inner][vc_column_inner width=&#8221;2\/3&#8243;][vc_column_text]Ludovic dit \u00ab <em>Ludo<\/em> \u00bb est adjoint technique au service de notre commune. Il travaille en bin\u00f4me avec Jean Fab et arpente les rues, veillant \u00e0 ce que tout soit entretenu.<br \/>\u00ab <em>Ici, l\u2019esprit d\u2019\u00e9quipe est excellent et ce qui est super, c\u2019est que l\u2019on est autonome et responsable de son travail <\/em>\u00bb.[\/vc_column_text][\/vc_column_inner][vc_column_inner width=&#8221;1\/3&#8243;][vc_single_image image=&#8221;143&#8243; img_size=&#8221;full&#8221; onclick=&#8221;link_image&#8221;][\/vc_column_inner][\/vc_row_inner][\/vc_column][\/vc_row]<\/p>\n<h3>Le personnel des \u00e9coles<\/h3>\n<p>Charl\u00e8ne, Nathalie, Florence et St\u00e9phanie sont agents polyvalents, fili\u00e8re technique. Elles partagent leur temps de travail autour de la cantine scolaire, du nettoyage des \u00e9coles et de la garderie. Fran\u00e7oise (ATSEM) et Christine (adjoint technique) s&#8217;occupent des enfants pendant les garderies et la pause m\u00e9ridienne et ont aussi en charge le nettoyage des locaux.\u00a0<\/p>\n\n\n<p><\/p>\n ","protected":false},"excerpt":{"rendered":"<p>[vc_row][vc_column][vc_column_text]Aujourd\u2019hui, notre commune compte un peu plus de 1000 habitants et c\u2019est plus de 100 enfants qui se retrouvent quotidiennement dans nos deux \u00e9coles communales.Il nous paraissait donc important de mieux vous faire conna\u00eetre les employ\u00e9s qui travaillent au sein de votre mairie. Le secr\u00e9tariat Lydie [\/vc_column_text][vc_row_inner][vc_column_inner width=&#8221;1\/3&#8243;][\/vc_column_inner][vc_column_inner width=&#8221;2\/3&#8243;][vc_column_text]Secr\u00e9taire de mairie, collaboratrice directe du maire,\u00a0 [&hellip;]<\/p>\n","protected":false},"author":1,"featured_media":0,"parent":45,"menu_order":0,"comment_status":"closed","ping_status":"closed","template":"","meta":{"_mi_skip_tracking":false,"footnotes":""},"_links":{"self":[{"href":"https:\/\/ableiges.fr\/index.php?rest_route=\/wp\/v2\/pages\/140"}],"collection":[{"href":"https:\/\/ableiges.fr\/index.php?rest_route=\/wp\/v2\/pages"}],"about":[{"href":"https:\/\/ableiges.fr\/index.php?rest_route=\/wp\/v2\/types\/page"}],"author":[{"embeddable":true,"href":"https:\/\/ableiges.fr\/index.php?rest_route=\/wp\/v2\/users\/1"}],"replies":[{"embeddable":true,"href":"https:\/\/ableiges.fr\/index.php?rest_route=%2Fwp%2Fv2%2Fcomments&post=140"}],"version-history":[{"count":14,"href":"https:\/\/ableiges.fr\/index.php?rest_route=\/wp\/v2\/pages\/140\/revisions"}],"predecessor-version":[{"id":5103,"href":"https:\/\/ableiges.fr\/index.php?rest_route=\/wp\/v2\/pages\/140\/revisions\/5103"}],"up":[{"embeddable":true,"href":"https:\/\/ableiges.fr\/index.php?rest_route=\/wp\/v2\/pages\/45"}],"wp:attachment":[{"href":"https:\/\/ableiges.fr\/index.php?rest_route=%2Fwp%2Fv2%2Fmedia&parent=140"}],"curies":[{"name":"wp","href":"https:\/\/api.w.org\/{rel}","templated":true}]}}