
{"id":164,"date":"2016-06-20T14:40:28","date_gmt":"2016-06-20T12:40:28","guid":{"rendered":"http:\/\/ableiges.fr\/?page_id=164"},"modified":"2025-03-06T22:56:07","modified_gmt":"2025-03-06T21:56:07","slug":"les-syndicats-intercommunaux","status":"publish","type":"page","link":"https:\/\/ableiges.fr\/?page_id=164","title":{"rendered":"Les syndicats intercommunaux"},"content":{"rendered":"<p>[vc_row][vc_column][vc_tta_accordion color=&#8221;white&#8221; spacing=&#8221;10&#8243; active_section=&#8221;1&#8243; no_fill=&#8221;true&#8221; collapsible_all=&#8221;true&#8221;][vc_tta_section title=&#8221;SIERC &#8211; Syndicat Intercommunal d\u2019\u00c9l\u00e9ctricit\u00e9 et R\u00e9seaux de Cables du Vexin&#8221; tab_id=&#8221;SIERC&#8221;][vc_column_text]Membres :<\/p>\n<ul>\n<li>Rapha\u00ebl FERREIRA<\/li>\n<\/ul>\n<p>[\/vc_column_text][\/vc_tta_section][vc_tta_section title=&#8221;SMDEGTVO &#8211; Syndicat Mixte D\u00e9partemental d&#8217;\u00c9l\u00e9ctricit\u00e9, du Gaz, et des T\u00e9l\u00e9communications du Val d\u2019Oise&#8221; tab_id=&#8221;SMDEGTVO&#8221;][vc_column_text]Membres :<\/p>\n<ul>\n<li>Rapha\u00ebl FERREIRA<\/li>\n<\/ul>\n<p>[\/vc_column_text][\/vc_tta_section][vc_tta_section title=&#8221;SIEVA &#8211; Syndicat Intercommunal des Eaux de la Vall\u00e9e de l\u2019Aubette &#8221; tab_id=&#8221;SIEVA&#8221;][vc_column_text]Membres :<\/p>\n<ul>\n<li>G\u00e9rard FRAISSE<\/li>\n<li>Patrick PELLETIER<\/li>\n<\/ul>\n<p>[\/vc_column_text][\/vc_tta_section][vc_tta_section title=&#8221;SMIRTOM &#8211; Syndicat Mixte de Ramassage et de Traitement des Ordures M\u00e9nag\u00e8res &#8221; tab_id=&#8221;SMIRTOM&#8221;][vc_column_text]Membres :<\/p>\n<ul>\n<li>Sandrine ESCHBACH<\/li>\n<li>Karine MARTINS<\/li>\n<\/ul>\n<p>[\/vc_column_text][\/vc_tta_section][vc_tta_section title=&#8221;SICCMV &#8211; Syndicat Intercommunal des Coll\u00e8ges des Cantons de Marines et Vigny&#8221; tab_id=&#8221;SICCMV&#8221;][vc_column_text]Membres\u00a0:<\/p>\n<ul>\n<li>Alexandre PICARD<\/li>\n<li>Lydie DOUTEAU<\/li>\n<\/ul>\n<p>[\/vc_column_text][\/vc_tta_section][vc_tta_section title=&#8221;PNRVF &#8211; Parc Naturel R\u00e9gional du Vexin Fran\u00e7ais &#8221; tab_id=&#8221;PNR-Vexin&#8221;][vc_column_text]Membres :<\/p>\n<ul>\n<li>Katalin ESCHER<\/li>\n<li>Laurent CUDEY<\/li>\n<\/ul>\n<p>[\/vc_column_text][\/vc_tta_section][vc_tta_section title=&#8221;Conservatoire du Vexin &#8221; tab_id=&#8221;Conservatoire du Vexin&#8221;][vc_column_text]Membres\u00a0:<\/p>\n<ul>\n<li>Alexandre PICARD<\/li>\n<li>Delphine RIPAUD<\/li>\n<\/ul>\n<p>[\/vc_column_text][\/vc_tta_section][vc_tta_section title=&#8221;SMGFAVO &#8211; Syndicat Mixte de Gestion de la Fourri\u00e8re Animale du Val d\u2019Oise&#8221; tab_id=&#8221;SMGFAVO&#8221;][vc_column_text]Membres<\/p>\n<ul>\n<li>Patrick PELLETIER<\/li>\n<li>Ga\u00eblle BARTONI<\/li>\n<\/ul>\n<p>[\/vc_column_text][\/vc_tta_section][vc_tta_section title=&#8221;CCVC &#8211; Communaut\u00e9 de Communes Vexin Centre&#8221; tab_id=&#8221;CCVC&#8221;][vc_column_text]Membres :<\/p>\n<ul>\n<li>G\u00e9rard FRAISSE<\/li>\n<li>Patrick PELLETIER<\/li>\n<\/ul>\n<p>[\/vc_column_text][\/vc_tta_section][\/vc_tta_accordion][\/vc_column][\/vc_row]<\/p>\n","protected":false},"excerpt":{"rendered":"<p>[vc_row][vc_column][vc_tta_accordion color=&#8221;white&#8221; spacing=&#8221;10&#8243; active_section=&#8221;1&#8243; no_fill=&#8221;true&#8221; collapsible_all=&#8221;true&#8221;][vc_tta_section title=&#8221;SIERC &#8211; Syndicat Intercommunal d\u2019\u00c9l\u00e9ctricit\u00e9 et R\u00e9seaux de Cables du Vexin&#8221; tab_id=&#8221;SIERC&#8221;][vc_column_text]Membres : Rapha\u00ebl FERREIRA [\/vc_column_text][\/vc_tta_section][vc_tta_section title=&#8221;SMDEGTVO &#8211; Syndicat Mixte D\u00e9partemental d&#8217;\u00c9l\u00e9ctricit\u00e9, du Gaz, et des T\u00e9l\u00e9communications du Val d\u2019Oise&#8221; tab_id=&#8221;SMDEGTVO&#8221;][vc_column_text]Membres : Rapha\u00ebl FERREIRA [\/vc_column_text][\/vc_tta_section][vc_tta_section title=&#8221;SIEVA &#8211; Syndicat Intercommunal des Eaux de la Vall\u00e9e de l\u2019Aubette &#8221; tab_id=&#8221;SIEVA&#8221;][vc_column_text]Membres : [&hellip;]<\/p>\n","protected":false},"author":1,"featured_media":0,"parent":41,"menu_order":0,"comment_status":"closed","ping_status":"closed","template":"","meta":{"_mi_skip_tracking":false,"footnotes":""},"_links":{"self":[{"href":"https:\/\/ableiges.fr\/index.php?rest_route=\/wp\/v2\/pages\/164"}],"collection":[{"href":"https:\/\/ableiges.fr\/index.php?rest_route=\/wp\/v2\/pages"}],"about":[{"href":"https:\/\/ableiges.fr\/index.php?rest_route=\/wp\/v2\/types\/page"}],"author":[{"embeddable":true,"href":"https:\/\/ableiges.fr\/index.php?rest_route=\/wp\/v2\/users\/1"}],"replies":[{"embeddable":true,"href":"https:\/\/ableiges.fr\/index.php?rest_route=%2Fwp%2Fv2%2Fcomments&post=164"}],"version-history":[{"count":17,"href":"https:\/\/ableiges.fr\/index.php?rest_route=\/wp\/v2\/pages\/164\/revisions"}],"predecessor-version":[{"id":7922,"href":"https:\/\/ableiges.fr\/index.php?rest_route=\/wp\/v2\/pages\/164\/revisions\/7922"}],"up":[{"embeddable":true,"href":"https:\/\/ableiges.fr\/index.php?rest_route=\/wp\/v2\/pages\/41"}],"wp:attachment":[{"href":"https:\/\/ableiges.fr\/index.php?rest_route=%2Fwp%2Fv2%2Fmedia&parent=164"}],"curies":[{"name":"wp","href":"https:\/\/api.w.org\/{rel}","templated":true}]}}