
{"id":174,"date":"2016-06-20T16:18:29","date_gmt":"2016-06-20T14:18:29","guid":{"rendered":"http:\/\/ableiges.fr\/?page_id=174"},"modified":"2025-12-12T22:52:14","modified_gmt":"2025-12-12T21:52:14","slug":"extraits-des-conseils-municipaux-2","status":"publish","type":"page","link":"https:\/\/ableiges.fr\/?page_id=174","title":{"rendered":"Extraits des conseils municipaux et d\u00e9lib\u00e9rations"},"content":{"rendered":"\r\n<div class=\"wp-block-group is-layout-flow wp-block-group-is-layout-flow\">\r\n<div class=\"wp-block-group__inner-container\">\r\n<p>\u00a0 \u00a0 \u00a0 [vc_tta_section title=&#8221;2025&#8243; tab_id=&#8221;2025&#8243;]<\/p>\r\n<ul>\r\n<li><a href=\"https:\/\/ableiges.fr\/wp-content\/uploads\/2025\/12\/liste-des-delib-conseil-municipal-10-decembre-2025.pdf\">D\u00e9lib\u00e9rations 10 d\u00e9cembre 2025<\/a><\/li>\r\n<li><a href=\"https:\/\/ableiges.fr\/wp-content\/uploads\/2025\/06\/liste-deliberations-conseil-municipal-du-04-juin-2025.pdf\">D\u00e9lib\u00e9rations 4 juin 2025<\/a><\/li>\r\n<li><a href=\"https:\/\/ableiges.fr\/wp-content\/uploads\/2025\/04\/liste-deliberations-conseil-municipal.pdf\">D\u00e9lib\u00e9rations 31 mars 2025<\/a><\/li>\r\n<\/ul>\r\n<p>\u00a0 \u00a0 [vc_tta_section title=&#8221;2024&#8243; tab_id=&#8221;2024&#8243;]<\/p>\r\n<ul>\r\n<li><a href=\"https:\/\/ableiges.fr\/wp-content\/uploads\/2024\/09\/liste-des-deliberations-conseil-3-septembre-2024.pdf\">D\u00e9lib\u00e9rations du 3 septembre 2024<\/a><\/li>\r\n<li><a href=\"https:\/\/ableiges.fr\/wp-content\/uploads\/2024\/04\/liste-des-deliberations-conseil-municipal-du-03-avril-2024.pdf\">D\u00e9lib\u00e9rations du 3 avril 2024<\/a><\/li>\r\n<li><a href=\"https:\/\/ableiges.fr\/wp-content\/uploads\/2024\/07\/liste-des-deliberations.pdf\">D\u00e9lib\u00e9rations du 20 juin 2024<\/a><\/li>\r\n<li><a href=\"https:\/\/ableiges.fr\/wp-content\/uploads\/2024\/11\/liste-deliberations-cm-26-novembre-2024-1.pdf\">D\u00e9lib\u00e9rations du 26 novembre 2024<\/a><\/li>\r\n<li><a href=\"https:\/\/ableiges.fr\/wp-content\/uploads\/2024\/12\/arrete-reglementation-des-coupures-de-leclairage-public.pdf\">Arr\u00eat\u00e9 \u00e9clairage publique 2024<\/a><\/li>\r\n<\/ul>\r\n<p>\u00a0 \u00a0 \u00a0 \u00a0 \u00a0 [vc_tta_section title=&#8221;2023&#8243; tab_id=&#8221;2023&#8243;]<\/p>\r\n<ul>\r\n<li><a href=\"https:\/\/ableiges.fr\/wp-content\/uploads\/2023\/12\/liste-deliberations-13-dec-2023.pdf\">D\u00e9lib\u00e9rations du 13 d\u00e9cembre 2023<\/a><\/li>\r\n<li><a href=\"https:\/\/ableiges.fr\/wp-content\/uploads\/2023\/10\/liste-des-deliberations-conseil-du-11-octobre-2023.pdf\">D\u00e9lib\u00e9rations du 11 octobre 2023<\/a><\/li>\r\n<li><a href=\"https:\/\/ableiges.fr\/wp-content\/uploads\/2023\/06\/liste-des-deliberations-conseil-municipal-9-juin.pdf\">D\u00e9lib\u00e9rations du 9 juin 2023<\/a><\/li>\r\n<li><a href=\"https:\/\/ableiges.fr\/wp-content\/uploads\/2023\/06\/liste-des-deliberations-seance-6-avril-2023.pdf\">D\u00e9lib\u00e9rations du 6 avril 2023<\/a><\/li>\r\n<li><a href=\"https:\/\/ableiges.fr\/wp-content\/uploads\/2023\/06\/arrete-reglementation-coupures-de-leclairage-public.pdf\">Arr\u00eat\u00e9 \u00e9clairage public 2023<\/a><\/li>\r\n<\/ul>\r\n<p>\u00a0 [vc_tta_section title=&#8221;2022&#8243; tab_id=&#8221;2022&#8243;]<\/p>\r\n<ul>\r\n<li><a href=\"https:\/\/ableiges.fr\/wp-content\/uploads\/2022\/12\/liste-des-deliberations-2-decembre-2022.pdf\">D\u00e9lib\u00e9rations du 2 d\u00e9cembre 2022<\/a><\/li>\r\n<li><a href=\"https:\/\/ableiges.fr\/wp-content\/uploads\/2022\/05\/extrait-pv-du-conseil-du-04-avril.pdf\">Extrait du conseil municipal du 26 septembre 2022<\/a><\/li>\r\n<li><a href=\"https:\/\/ableiges.fr\/wp-content\/uploads\/2022\/12\/pv-conseil-du-26-septembre-1.pdf\">PV du conseil municipal du 26 septembre 2022<\/a><\/li>\r\n<li><a href=\"https:\/\/ableiges.fr\/wp-content\/uploads\/2022\/09\/liste-des-deliberations-septembre-2022.pdf\">D\u00e9lib\u00e9rations du 26 septembre 2022<\/a><\/li>\r\n<li><a href=\"https:\/\/ableiges.fr\/wp-content\/uploads\/2022\/09\/liste-des-deliberations-septembre-2022.pdf\">Extrait du conseil municipal du 21 juin 2022<\/a><\/li>\r\n<li><a href=\"https:\/\/ableiges.fr\/wp-content\/uploads\/2022\/05\/extrait-pv-du-conseil-du-04-avril.pdf\">Extrait du conseil municipal du 4 avril 2022<\/a><\/li>\r\n<li><a href=\"https:\/\/ableiges.fr\/wp-content\/uploads\/2022\/05\/delib-eclairage-public.pdf\">D\u00e9lib\u00e9ration du 4 avril 2022 concernant l&#8217;\u00e9clairage public<\/a><\/li>\r\n<\/ul>\r\n<\/div>\r\n<\/div>\r\n<div class=\"wp-block-group\">\r\n<div class=\"wp-block-group__inner-container\">\r\n<p>\u00a0 \u00a0 \u00a0 \u00a0 [vc_tta_section title=&#8221;2021&#8243; tab_id=&#8221;2021&#8243;]<\/p>\r\n<ul>\r\n<li><a href=\"https:\/\/ableiges.fr\/wp-content\/uploads\/2021\/12\/extrait-pv-du-14-decembre-1.pdf\" target=\"_blank\" rel=\"noopener noreferrer\">Extrait du conseil municipal du 14 d\u00e9cembre 2021<\/a><\/li>\r\n<li><a href=\"https:\/\/ableiges.fr\/wp-content\/uploads\/2021\/06\/extrait-pv-conseil-le-16-juin-2021.pdf\">Extrait du conseil municipal du 16 juin 2021<\/a><\/li>\r\n<li><a href=\"https:\/\/ableiges.fr\/wp-content\/uploads\/2021\/04\/extrait-pv-conseil-du-13-avril-2021-1.pdf\">Extrait du conseil municipal du 12 avril 2021<\/a><\/li>\r\n<\/ul>\r\n<p style=\"padding-left: 30px\">[vc_tta_section title=&#8221;2020&#8243; tab_id=&#8221;2020&#8243;]<\/p>\r\n<ul>\r\n<li><a href=\"https:\/\/ableiges.fr\/wp-content\/uploads\/2020\/12\/extrait-conseil-municipal-du-10-decembre.pdf\">Extrait du conseil municipal 10 d\u00e9cembre 2020<\/a><\/li>\r\n<li><span style=\"color: #7599bd\"><a style=\"color: #7599bd\" href=\"https:\/\/ableiges.fr\/wp-content\/uploads\/2020\/12\/extrait-17-09-2020.pdf\" target=\"_blank\" rel=\"noopener noreferrer\">Extrait du conseil municipal du 17 septembre 2020<\/a><\/span><\/li>\r\n<li><span style=\"color: #7599bd\"><a style=\"color: #7599bd\" href=\"https:\/\/ableiges.fr\/wp-content\/uploads\/2020\/06\/extrait-28-mai-20201.pdf\" target=\"_blank\" rel=\"noopener noreferrer\">\u200fExtrait du conseil municipal du 28 mai 2020<\/a><\/span><\/li>\r\n<li><span style=\"color: #7599bd\"><a style=\"color: #7599bd\" href=\"https:\/\/ableiges.fr\/wp-content\/uploads\/2020\/03\/extrait-26-fevrier4590.pdf\" target=\"_blank\" rel=\"noopener noreferrer\">Extrait du conseil municipal du 26 f\u00e9vrier 2020<\/a><\/span><\/li>\r\n<\/ul>\r\n<p>[vc_tta_accordion color=&#8221;white&#8221; spacing=&#8221;10&#8243; active_section=&#8221;1&#8243; no_fill=&#8221;true&#8221; collapsible_all=&#8221;true&#8221;][vc_tta_section title=&#8221;2019&#8243; tab_id=&#8221;1552432974488-07b52626-a5a3&#8243;]<\/p>\r\n<ul>\r\n<li><a href=\"https:\/\/ableiges.fr\/wp-content\/uploads\/2019\/04\/extrait10-04-19.doc\" target=\"_blank\" rel=\"noopener noreferrer\">Extrait du conseil municipal du 2 octobre 2019<\/a><\/li>\r\n<li><a href=\"https:\/\/ableiges.fr\/wp-content\/uploads\/2019\/04\/extrait10-04-19.doc\" target=\"_blank\" rel=\"noopener noreferrer\">Extrait du conseil municipal du 10 avril 2019<\/a><\/li>\r\n<li><a href=\"https:\/\/ableiges.fr\/wp-content\/uploads\/2019\/03\/extrait21-02-2019.pdf\" target=\"_blank\" rel=\"noopener noreferrer\">Extrait du conseil municipal du 21 f\u00e9vrier 2019<\/a><\/li>\r\n<\/ul>\r\n<p>[\/vc_tta_section][vc_tta_section title=&#8221;2018&#8243; tab_id=&#8221;2018&#8243;]<\/p>\r\n<ul>\r\n<li><a href=\"https:\/\/ableiges.fr\/wp-content\/uploads\/2018\/09\/extrait18-06-18.doc\" target=\"_blank\" rel=\"noopener noreferrer\">Extrait du conseil municipal du 18 juin 2018<\/a><\/li>\r\n<li><a href=\"http:\/\/ableiges.fr\/wp-content\/uploads\/2018\/04\/extrait-cm-du-11-avril-2018.pdf\" target=\"_blank\" rel=\"noopener noreferrer\">Extrait du conseil municipal du 11 avril 2018<\/a><\/li>\r\n<li><a href=\"http:\/\/ableiges.fr\/wp-content\/uploads\/2018\/04\/extrait10-01-18.doc\" target=\"_blank\" rel=\"noopener noreferrer\">Extrait du conseil municipal du 10 janvier 2018<\/a><\/li>\r\n<\/ul>\r\n<p>[\/vc_tta_section][vc_tta_section title=&#8221;2017&#8243; tab_id=&#8221;2017&#8243;]<\/p>\r\n<ul>\r\n<li><a href=\"http:\/\/ableiges.fr\/wp-content\/uploads\/2017\/12\/extrait-pv-du-4-decembre-2017.pdf\" target=\"_blank\" rel=\"noopener noreferrer\">Extrait du conseil municipal du 04 d\u00e9cembre 2017.<\/a><\/li>\r\n<li><a href=\"http:\/\/ableiges.fr\/wp-content\/uploads\/2017\/11\/extrait-du-5-octobre-2017.pdf\" target=\"_blank\" rel=\"noopener noreferrer\">Extrait du conseil municipal du 05 octobre 2017<\/a><\/li>\r\n<li><a href=\"http:\/\/ableiges.fr\/wp-content\/uploads\/2017\/04\/extrait11avril-2017.pdf\">Extrait du conseil municipal du 11 avril 2017<\/a><\/li>\r\n<li><a href=\"http:\/\/ableiges.fr\/wp-content\/uploads\/2017\/02\/extrait2-02-17.doc\" target=\"_blank\" rel=\"noopener noreferrer\">Extrait du conseil municipal du 02 f\u00e9vrier 2017<\/a><\/li>\r\n<\/ul>\r\n<p>[\/vc_tta_section][vc_tta_section title=&#8221;2016&#8243; tab_id=&#8221;2016&#8243;]<\/p>\r\n<ul>\r\n<li><a href=\"http:\/\/ableiges.fr\/wp-content\/uploads\/2016\/12\/compte-rendu-cm-5-d\u00e9cembre-2016.pdf\" target=\"_blank\" rel=\"noopener noreferrer\">Extrait du conseil municipal du 05 d\u00e9cembre 2016<\/a><\/li>\r\n<li><a href=\"http:\/\/ableiges.fr\/wp-content\/uploads\/2016\/10\/extrait29-09-16.doc\" target=\"_blank\" rel=\"noopener noreferrer\">Extrait du conseil municipal du 29 septembre 2016<\/a><\/li>\r\n<li><a href=\"http:\/\/ableiges.fr\/wp-content\/uploads\/2016\/06\/CM-PV-2016-04-06.pdf\" target=\"_blank\" rel=\"noopener noreferrer\">Extrait du conseil municipal du 6 avril 2016<\/a><\/li>\r\n<li><a href=\"http:\/\/ableiges.fr\/wp-content\/uploads\/2016\/06\/CM-PV-2016-02-16.pdf\" target=\"_blank\" rel=\"noopener noreferrer\">Extrait du conseil municipal du 17 f\u00e9vrier 2016<\/a><\/li>\r\n<\/ul>\r\n<p>[\/vc_tta_section][vc_tta_section title=&#8221;2015&#8243; tab_id=&#8221;2015&#8243;][vc_column_text]<\/p>\r\n<ul>\r\n<li><a href=\"http:\/\/ableiges.fr\/wp-content\/uploads\/2016\/06\/CM-PV-2015-12-17.pdf\" target=\"_blank\" rel=\"noopener noreferrer\">Extrait du conseil municipal du 17 d\u00e9cembre 2015<\/a><\/li>\r\n<li><a href=\"http:\/\/ableiges.fr\/wp-content\/uploads\/2016\/06\/CM-PV-2015-09-15.pdf\" target=\"_blank\" rel=\"noopener noreferrer\">Extrait du conseil municipal du 15 septembre 2015<\/a><\/li>\r\n<li><a href=\"http:\/\/ableiges.fr\/wp-content\/uploads\/2016\/06\/CM-PV-2015-06-16.pdf\" target=\"_blank\" rel=\"noopener noreferrer\">Extrait du conseil municipal du 16 juin 2015<\/a><\/li>\r\n<li><a href=\"http:\/\/ableiges.fr\/wp-content\/uploads\/2016\/06\/CM-PV-2015-04-14.pdf\" target=\"_blank\" rel=\"noopener noreferrer\">Extrait du conseil municipal du 14 avril 2015<\/a><\/li>\r\n<li><a href=\"http:\/\/ableiges.fr\/wp-content\/uploads\/2016\/06\/CM-PV-2015-03-05.pdf\" target=\"_blank\" rel=\"noopener noreferrer\">Extrait du conseil municipal du 5 mars 2015<\/a><\/li>\r\n<\/ul>\r\n<p>[\/vc_column_text][\/vc_tta_section][vc_tta_section title=&#8221;2014&#8243; tab_id=&#8221;2014&#8243;][vc_column_text]<\/p>\r\n<ul>\r\n<li><a href=\"http:\/\/ableiges.fr\/wp-content\/uploads\/2016\/06\/CM-PV-2014-11-27.pdf\" target=\"_blank\" rel=\"noopener noreferrer\">Extrait du conseil municipal du 27 novembre 2014<\/a><\/li>\r\n<li><a href=\"http:\/\/ableiges.fr\/wp-content\/uploads\/2016\/06\/CM-PV-2014-10-13.pdf\" target=\"_blank\" rel=\"noopener noreferrer\">Extrait du conseil municipal du 13 octobre 2014<\/a><\/li>\r\n<li><a href=\"http:\/\/ableiges.fr\/wp-content\/uploads\/2016\/06\/CM-PV-2014-09-04.pdf\" target=\"_blank\" rel=\"noopener noreferrer\">Extrait du conseil municipal du 4 septembre 2014<\/a><\/li>\r\n<li><a href=\"http:\/\/ableiges.fr\/wp-content\/uploads\/2016\/06\/CM-PV-2014-06-24.pdf\" target=\"_blank\" rel=\"noopener noreferrer\">Extrait du conseil municipal du 24 juin 2014<\/a><\/li>\r\n<li><a href=\"http:\/\/ableiges.fr\/wp-content\/uploads\/2016\/06\/CM-PV-2014-04-23.pdf\" target=\"_blank\" rel=\"noopener noreferrer\">Extrait du conseil municipal du 23 avril 2014<\/a><\/li>\r\n<li><a href=\"http:\/\/ableiges.fr\/wp-content\/uploads\/2016\/06\/CM-PV-2014-04-03.pdf\" target=\"_blank\" rel=\"noopener noreferrer\">Extrait du conseil municipal du 3 avril 2014<\/a><\/li>\r\n<li><a href=\"http:\/\/ableiges.fr\/wp-content\/uploads\/2016\/06\/CM-PV-2014-03-28.pdf\" target=\"_blank\" rel=\"noopener noreferrer\">Extrait du conseil municipal du 28 mars 2014<\/a><\/li>\r\n<li><a href=\"http:\/\/ableiges.fr\/wp-content\/uploads\/2016\/06\/CM-PV-2014-03-05.pdf\" target=\"_blank\" rel=\"noopener noreferrer\">Extrait du conseil municipal du 5 mars 2014<\/a><\/li>\r\n<\/ul>\r\n<p>[\/vc_column_text][\/vc_tta_section][vc_tta_section title=&#8221;2013&#8243; tab_id=&#8221;2013&#8243;][vc_column_text]<\/p>\r\n<ul>\r\n<li><a href=\"http:\/\/ableiges.fr\/wp-content\/uploads\/2016\/06\/CM-PV-2013-12-10.pdf\" target=\"_blank\" rel=\"noopener noreferrer\">Extrait du conseil municipal du 10 d\u00e9cembre 2013<\/a><\/li>\r\n<li><a href=\"http:\/\/ableiges.fr\/wp-content\/uploads\/2016\/06\/CM-PV-2013-09-10.pdf\" target=\"_blank\" rel=\"noopener noreferrer\">Extrait du conseil municipal du 10 septembre 2013<\/a><\/li>\r\n<li><a href=\"http:\/\/ableiges.fr\/wp-content\/uploads\/2016\/06\/CM-PV-2013-07-02.pdf\" target=\"_blank\" rel=\"noopener noreferrer\">Extrait du conseil municipal du 2 juillet 2013<\/a><\/li>\r\n<li><a href=\"http:\/\/ableiges.fr\/wp-content\/uploads\/2016\/06\/CM-PV-2013-04-09.pdf\" target=\"_blank\" rel=\"noopener noreferrer\">Extrait du conseil municipal du 9 avril 2013<\/a><\/li>\r\n<li><a href=\"http:\/\/ableiges.fr\/wp-content\/uploads\/2016\/06\/CM-PV-2013-01-29.pdf\" target=\"_blank\" rel=\"noopener noreferrer\">Extrait du conseil municipal du 29 janvier 2013<\/a><\/li>\r\n<\/ul>\r\n<p>[\/vc_column_text][\/vc_tta_section][vc_tta_section title=&#8221;2012&#8243; tab_id=&#8221;2012&#8243;][vc_column_text]<\/p>\r\n<ul>\r\n<li><a href=\"http:\/\/ableiges.fr\/wp-content\/uploads\/2016\/06\/CM-PV-2012-11-27.pdf\" target=\"_blank\" rel=\"noopener noreferrer\">Extrait du conseil municipal du 27 novembre 2012<\/a><\/li>\r\n<li><a href=\"http:\/\/ableiges.fr\/wp-content\/uploads\/2016\/06\/CM-PV-2013-09-11.pdf\" target=\"_blank\" rel=\"noopener noreferrer\">Extrait du conseil municipal du 11 septembre 2012<\/a><\/li>\r\n<li><a href=\"http:\/\/ableiges.fr\/wp-content\/uploads\/2016\/06\/CM-PV-2012-07-03.pdf\" target=\"_blank\" rel=\"noopener noreferrer\">Extrait du conseil municipal du 3 juillet 2012<\/a><\/li>\r\n<li><a href=\"http:\/\/ableiges.fr\/wp-content\/uploads\/2016\/06\/CM-PV-2012-04-06.pdf\" target=\"_blank\" rel=\"noopener noreferrer\">Extrait du conseil municipal du 6 avril 2012<\/a><\/li>\r\n<\/ul>\r\n<p>[\/vc_column_text][\/vc_tta_section]<\/p>\r\n<p>&nbsp;<\/p>\r\n<\/div>\r\n<\/div>\r\n\r\n<p>&nbsp;<\/p>","protected":false},"excerpt":{"rendered":"<p>\u00a0 \u00a0 \u00a0 [vc_tta_section title=&#8221;2025&#8243; tab_id=&#8221;2025&#8243;] D\u00e9lib\u00e9rations 10 d\u00e9cembre 2025 D\u00e9lib\u00e9rations 4 juin 2025 D\u00e9lib\u00e9rations 31 mars 2025 \u00a0 \u00a0 [vc_tta_section title=&#8221;2024&#8243; tab_id=&#8221;2024&#8243;] D\u00e9lib\u00e9rations du 3 septembre 2024 D\u00e9lib\u00e9rations du 3 avril 2024 D\u00e9lib\u00e9rations du 20 juin 2024 D\u00e9lib\u00e9rations du 26 novembre 2024 Arr\u00eat\u00e9 \u00e9clairage publique 2024 \u00a0 \u00a0 \u00a0 \u00a0 \u00a0 [vc_tta_section title=&#8221;2023&#8243; tab_id=&#8221;2023&#8243;] [&hellip;]<\/p>\n","protected":false},"author":1,"featured_media":0,"parent":41,"menu_order":0,"comment_status":"closed","ping_status":"closed","template":"","meta":{"_mi_skip_tracking":false,"footnotes":""},"_links":{"self":[{"href":"https:\/\/ableiges.fr\/index.php?rest_route=\/wp\/v2\/pages\/174"}],"collection":[{"href":"https:\/\/ableiges.fr\/index.php?rest_route=\/wp\/v2\/pages"}],"about":[{"href":"https:\/\/ableiges.fr\/index.php?rest_route=\/wp\/v2\/types\/page"}],"author":[{"embeddable":true,"href":"https:\/\/ableiges.fr\/index.php?rest_route=\/wp\/v2\/users\/1"}],"replies":[{"embeddable":true,"href":"https:\/\/ableiges.fr\/index.php?rest_route=%2Fwp%2Fv2%2Fcomments&post=174"}],"version-history":[{"count":83,"href":"https:\/\/ableiges.fr\/index.php?rest_route=\/wp\/v2\/pages\/174\/revisions"}],"predecessor-version":[{"id":8514,"href":"https:\/\/ableiges.fr\/index.php?rest_route=\/wp\/v2\/pages\/174\/revisions\/8514"}],"up":[{"embeddable":true,"href":"https:\/\/ableiges.fr\/index.php?rest_route=\/wp\/v2\/pages\/41"}],"wp:attachment":[{"href":"https:\/\/ableiges.fr\/index.php?rest_route=%2Fwp%2Fv2%2Fmedia&parent=174"}],"curies":[{"name":"wp","href":"https:\/\/api.w.org\/{rel}","templated":true}]}}