
{"id":261,"date":"2016-06-21T12:28:19","date_gmt":"2016-06-21T10:28:19","guid":{"rendered":"http:\/\/ableiges.fr\/?page_id=261"},"modified":"2025-10-27T21:39:08","modified_gmt":"2025-10-27T20:39:08","slug":"collecte-des-dechets","status":"publish","type":"page","link":"https:\/\/ableiges.fr\/?page_id=261","title":{"rendered":"La collecte des d\u00e9chets"},"content":{"rendered":"<p><img loading=\"lazy\" decoding=\"async\" class=\"size-medium wp-image-2906 aligncenter\" src=\"https:\/\/ableiges.fr\/wp-content\/uploads\/2018\/12\/logo-300x43.png\" alt=\"\" width=\"300\" height=\"43\" \/><\/p>\n<div class=\"entry-content\">\n<h4>D\u00e9ch\u00e8terie<\/h4>\n<p>Notre commune d\u00e9pend de la d\u00e9ch\u00e8terie de <a href=\"https:\/\/smirtomduvexin.net\/decheterie-de-vigny\/\">Vigny<\/a><\/p>\n<h4>Collecte des d\u00e9chets<\/h4>\n<p>La collecte des d\u00e9chets s&#8217;effectue :<\/p>\n<ul>\n<li>Le <strong>mercredi<\/strong> pour les\u00a0<strong>ordures m\u00e9nag\u00e8res<\/strong><\/li>\n<\/ul>\n<div class=\"\">\n<ul>\n<li>Le <strong>mardi<\/strong> toutes les 2 semaines pour\u00a0<strong>les emballages\/papiers (en m\u00e9lange dans le bac jaune).<\/strong><\/li>\n<li>Le <strong>vendredi<\/strong> depuis le 15\/03\/2024, toutes les 4 semaines pour <strong>le verre (dans le bac vert).<\/strong><\/li>\n<\/ul>\n<\/div>\n<p class=\"info-travaux\">En raison de travaux, les horaires de passage des camions de collecte peuvent \u00eatre modifi\u00e9s. Aussi, pour \u00e9viter tout incident, nous vous rappelons que <strong>vos bacs doivent \u00eatre sortis la veille au soir du jour de collecte.<\/strong><\/p>\n<p>Pour plus d&#8217;informations sur la collecte des d\u00e9chets, vous pouvez consultez le\u00a0<a href=\"https:\/\/smirtomduvexin.net\/wp-content\/uploads\/2025\/01\/Calendrier-10-Ableiges-Le-Perchay-Us-et-Vigny.pdf\" target=\"blank\" rel=\"noopener\">calendrier des jours de collecte<\/a>.<\/p>\n<p>La collecte des objets encombrants a lieu\u00a0<strong>2 fois par an<\/strong><\/p>\n<ul>\n<li>26\/05\/2025<\/li>\n<li>24\/11\/2025<\/li>\n<\/ul>\n<p>Pour plus d&#8217;informations :\u00a0<a href=\"https:\/\/smirtomduvexin.net\/informations_utiles\/ableiges\/\">Ableiges &#8211; SMIRTOM du Vexin<\/a><\/p>\n<p>A partir du samedi 1er novembre 2025, les 3 d\u00e9ch\u00e8teries du SMIRTOM du Vexin (Magny-en-Vexin, Marines et Vigny) passent aux horaires d\u2019hiver.<\/p>\n<iframe src=\"\/\/docs.google.com\/viewer?url=https%3A%2F%2Fableiges.fr%2Fwp-content%2Fuploads%2F2025%2F10%2F2025-11-01-decheteries-horaires-hiver-internet.pdf&hl=fr&embedded=true\" class=\"gde-frame\" style=\"width:100%; height:500px; border: none;\" scrolling=\"no\"><\/iframe>\n<p class=\"gde-text\"><a href=\"https:\/\/ableiges.fr\/wp-content\/uploads\/2025\/10\/2025-11-01-decheteries-horaires-hiver-internet.pdf\" class=\"gde-link\">T\u00e9l\u00e9charger (PDF, 356KB)<\/a><\/p>\n<\/div>\n","protected":false},"excerpt":{"rendered":"<p>D\u00e9ch\u00e8terie Notre commune d\u00e9pend de la d\u00e9ch\u00e8terie de Vigny Collecte des d\u00e9chets La collecte des d\u00e9chets s&#8217;effectue : Le mercredi pour les\u00a0ordures m\u00e9nag\u00e8res Le mardi toutes les 2 semaines pour\u00a0les emballages\/papiers (en m\u00e9lange dans le bac jaune). Le vendredi depuis le 15\/03\/2024, toutes les 4 semaines pour le verre (dans le bac vert). En raison [&hellip;]<\/p>\n","protected":false},"author":1,"featured_media":0,"parent":45,"menu_order":0,"comment_status":"closed","ping_status":"closed","template":"","meta":{"_mi_skip_tracking":false,"footnotes":""},"_links":{"self":[{"href":"https:\/\/ableiges.fr\/index.php?rest_route=\/wp\/v2\/pages\/261"}],"collection":[{"href":"https:\/\/ableiges.fr\/index.php?rest_route=\/wp\/v2\/pages"}],"about":[{"href":"https:\/\/ableiges.fr\/index.php?rest_route=\/wp\/v2\/types\/page"}],"author":[{"embeddable":true,"href":"https:\/\/ableiges.fr\/index.php?rest_route=\/wp\/v2\/users\/1"}],"replies":[{"embeddable":true,"href":"https:\/\/ableiges.fr\/index.php?rest_route=%2Fwp%2Fv2%2Fcomments&post=261"}],"version-history":[{"count":14,"href":"https:\/\/ableiges.fr\/index.php?rest_route=\/wp\/v2\/pages\/261\/revisions"}],"predecessor-version":[{"id":8033,"href":"https:\/\/ableiges.fr\/index.php?rest_route=\/wp\/v2\/pages\/261\/revisions\/8033"}],"up":[{"embeddable":true,"href":"https:\/\/ableiges.fr\/index.php?rest_route=\/wp\/v2\/pages\/45"}],"wp:attachment":[{"href":"https:\/\/ableiges.fr\/index.php?rest_route=%2Fwp%2Fv2%2Fmedia&parent=261"}],"curies":[{"name":"wp","href":"https:\/\/api.w.org\/{rel}","templated":true}]}}