
{"id":286,"date":"2016-06-21T14:38:42","date_gmt":"2016-06-21T12:38:42","guid":{"rendered":"http:\/\/ableiges.fr\/?page_id=286"},"modified":"2025-03-21T20:11:14","modified_gmt":"2025-03-21T19:11:14","slug":"urbanisme","status":"publish","type":"page","link":"https:\/\/ableiges.fr\/?page_id=286","title":{"rendered":"Plan Local d&#8217;Urbanisme"},"content":{"rendered":"<header class=\"entry-header\"><\/header>\n<div class=\"entry-content\">Le plan local d\u2019urbanisme (PLU) est le principal document d\u2019urbanisme, de planification de l\u2019urbanisme tant au niveau communal qu\u2019intercommunal.<\/div>\n<div>\n<p>Il remplace le Plan d\u2019Occupation des Sols (POS) depuis la loi relative \u00e0 la solidarit\u00e9 et au renouvellement urbain, du 13 d\u00e9cembre 2000, dite \u201cloi SRU\u201d.<\/p>\n<p>Le PLU a \u00e9t\u00e9 approuv\u00e9 par d\u00e9lib\u00e9ration le 5 mars 2014.<\/p>\n<p><strong>Il est proc\u00e9d\u00e9 \u00e0 une nouvelle r\u00e9vision du PLU :<\/strong><\/p>\n<ul>\n<li><a href=\"https:\/\/ableiges.fr\/wp-content\/uploads\/2024\/08\/deliberation-2021-07.pdf\">D\u00e9lib\u00e9ration n\u00b0 2021\/07 \/ PLU d\u2019Ableiges<\/a>, Prescriptions de la r\u00e9vision du PLU, d\u00e9finition des objectifs poursuivis et d\u00e9finition des modalit\u00e9s de concertation<\/li>\n<li><a href=\"https:\/\/ableiges.fr\/wp-content\/uploads\/2024\/08\/deliberation-2023-19.pdf\">D\u00e9lib\u00e9ration n\u00b02023\/19<\/a>: Arr\u00eat\u00e9 du projet de r\u00e9vision du PLU et bilan de la concertation<\/li>\n<\/ul>\n<p>Monsieur Christian OUDIN a \u00e9t\u00e9 d\u00e9sign\u00e9 par le tribunal administratif de Cergy Pontoise en qualit\u00e9 de commissaire enqu\u00eateur.<\/p>\n<p>L\u2019enqu\u00eate publique s\u2019est d\u00e9roul\u00e9e du 12 f\u00e9vrier 2024au 14 mars 2024 inclus.<\/p>\n<p>Vous pouvez consulter le <strong>rapport de l\u2019enqu\u00eate publique<\/strong> en Mairie aux heures d\u2019ouverture ou en <span style=\"color: #ff0000\">cliquant<strong> <a style=\"color: #ff0000\" href=\"https:\/\/ableiges.fr\/wp-content\/uploads\/2024\/08\/1-rapport-enquete_merged.pdf\">ici<\/a><\/strong><\/span><\/p>\n<p>Le PLU a \u00e9t\u00e9 approuv\u00e9 en s\u00e9ance du <strong>Conseil Municipal le 20 juin 2024<\/strong> (<a href=\"https:\/\/ableiges.fr\/wp-content\/uploads\/2024\/08\/deliberation-approbation-2024-14.pdf\">d\u00e9lib\u00e9ration 2024\/14<\/a>)<\/p>\n<p>&nbsp;<\/p>\n<p><strong>Pour acc\u00e9der \u00e0 l\u2019ensemble des documents du PLU<\/strong>\u00a0 :<span style=\"color: #ff0000\"> <a style=\"color: #ff0000\" href=\"https:\/\/www.geoportail-urbanisme.gouv.fr\/map\/#zoom=14&amp;lat=49.09094999999999&amp;lon=1.9747200000000003&amp;layers=BFTTTFFFTTFFTTTFFFFFFFFFFFFFFFFFFFFFFFFFFFFFFFFFFFFFFFFFFFFFTTTF&amp;mlat=49.089766&amp;mlon=1.982059&amp;activebutton=cadastre-geographicalgridsystems_maps_scan-express_standard-geographicalgridsystems_planign-geographicalgridsystems_maps&amp;screensizestate=normal&amp;tile=1\">G\u00e9oportail urbanisme<\/a><\/span><\/p>\n<p><strong>Le droit de pr\u00e9emption urbain (DPU) <\/strong>est consultable<a href=\"https:\/\/ableiges.fr\/wp-content\/uploads\/2024\/09\/dpu.pdf\"><span style=\"color: #ff0000\"><strong> ici.<\/strong><\/span><\/a><\/p>\n<\/div>\n<p><!-- \/wp:paragraph --><\/p>\n<p>&nbsp;<\/p>\n","protected":false},"excerpt":{"rendered":"<p>Le plan local d\u2019urbanisme (PLU) est le principal document d\u2019urbanisme, de planification de l\u2019urbanisme tant au niveau communal qu\u2019intercommunal. Il remplace le Plan d\u2019Occupation des Sols (POS) depuis la loi relative \u00e0 la solidarit\u00e9 et au renouvellement urbain, du 13 d\u00e9cembre 2000, dite \u201cloi SRU\u201d. Le PLU a \u00e9t\u00e9 approuv\u00e9 par d\u00e9lib\u00e9ration le 5 mars [&hellip;]<\/p>\n","protected":false},"author":1,"featured_media":0,"parent":45,"menu_order":0,"comment_status":"closed","ping_status":"closed","template":"","meta":{"_mi_skip_tracking":false,"footnotes":""},"_links":{"self":[{"href":"https:\/\/ableiges.fr\/index.php?rest_route=\/wp\/v2\/pages\/286"}],"collection":[{"href":"https:\/\/ableiges.fr\/index.php?rest_route=\/wp\/v2\/pages"}],"about":[{"href":"https:\/\/ableiges.fr\/index.php?rest_route=\/wp\/v2\/types\/page"}],"author":[{"embeddable":true,"href":"https:\/\/ableiges.fr\/index.php?rest_route=\/wp\/v2\/users\/1"}],"replies":[{"embeddable":true,"href":"https:\/\/ableiges.fr\/index.php?rest_route=%2Fwp%2Fv2%2Fcomments&post=286"}],"version-history":[{"count":16,"href":"https:\/\/ableiges.fr\/index.php?rest_route=\/wp\/v2\/pages\/286\/revisions"}],"predecessor-version":[{"id":8009,"href":"https:\/\/ableiges.fr\/index.php?rest_route=\/wp\/v2\/pages\/286\/revisions\/8009"}],"up":[{"embeddable":true,"href":"https:\/\/ableiges.fr\/index.php?rest_route=\/wp\/v2\/pages\/45"}],"wp:attachment":[{"href":"https:\/\/ableiges.fr\/index.php?rest_route=%2Fwp%2Fv2%2Fmedia&parent=286"}],"curies":[{"name":"wp","href":"https:\/\/api.w.org\/{rel}","templated":true}]}}