
{"id":298,"date":"2016-06-21T15:15:05","date_gmt":"2016-06-21T13:15:05","guid":{"rendered":"http:\/\/ableiges.fr\/?page_id=298"},"modified":"2025-07-15T14:12:32","modified_gmt":"2025-07-15T12:12:32","slug":"lecole-du-bourg","status":"publish","type":"page","link":"https:\/\/ableiges.fr\/?page_id=298","title":{"rendered":"L&#8217;\u00e9cole du Bourg"},"content":{"rendered":"<p>Les fournitures pour la rentr\u00e9e scolaire 25 26 sont <a href=\"https:\/\/ableiges.fr\/wp-content\/uploads\/2025\/07\/fournitures-2025_2026-ce2-cm1-cm2.pdf\">ici<\/a> !<\/p>\n<p>&nbsp;<\/p>\n<p><strong>R\u00e8glement de la garderie 20 \u00e0 consulter<span style=\"color: #ff0000\"><a style=\"color: #ff0000\" href=\"https:\/\/ableiges.fr\/wp-content\/uploads\/2024\/09\/7-reglement-garderie.pdf\"> ici<\/a><\/span>\u00a0<\/strong><\/p>\n<p><strong>Guide de rentr\u00e9e 20 \u00e0 consulter <span style=\"color: #ff0000\"><a style=\"color: #ff0000\" href=\"https:\/\/ableiges.fr\/wp-content\/uploads\/2024\/09\/1-le-guide-de-la-rentre-2024-2025.pdf\">ici<\/a><\/span><\/strong><\/p>\n<p><strong>\u00c9cole du Bourg<\/strong><br \/>\n2, Place de la Mairie<br \/>\n95450 \u2013 ABLEIGES<br \/>\nT\u00e9l. : 01 34 66 00 04[\/vc_column_text][\/vc_column][\/vc_row]<\/p>\n","protected":false},"excerpt":{"rendered":"<p>Les fournitures pour la rentr\u00e9e scolaire 25 26 sont ici ! &nbsp; R\u00e8glement de la garderie 20 \u00e0 consulter ici\u00a0 Guide de rentr\u00e9e 20 \u00e0 consulter ici \u00c9cole du Bourg 2, Place de la Mairie 95450 \u2013 ABLEIGES T\u00e9l. : 01 34 66 00 04[\/vc_column_text][\/vc_column][\/vc_row]<\/p>\n","protected":false},"author":1,"featured_media":0,"parent":47,"menu_order":0,"comment_status":"closed","ping_status":"closed","template":"","meta":{"_mi_skip_tracking":false,"footnotes":""},"_links":{"self":[{"href":"https:\/\/ableiges.fr\/index.php?rest_route=\/wp\/v2\/pages\/298"}],"collection":[{"href":"https:\/\/ableiges.fr\/index.php?rest_route=\/wp\/v2\/pages"}],"about":[{"href":"https:\/\/ableiges.fr\/index.php?rest_route=\/wp\/v2\/types\/page"}],"author":[{"embeddable":true,"href":"https:\/\/ableiges.fr\/index.php?rest_route=\/wp\/v2\/users\/1"}],"replies":[{"embeddable":true,"href":"https:\/\/ableiges.fr\/index.php?rest_route=%2Fwp%2Fv2%2Fcomments&post=298"}],"version-history":[{"count":33,"href":"https:\/\/ableiges.fr\/index.php?rest_route=\/wp\/v2\/pages\/298\/revisions"}],"predecessor-version":[{"id":8209,"href":"https:\/\/ableiges.fr\/index.php?rest_route=\/wp\/v2\/pages\/298\/revisions\/8209"}],"up":[{"embeddable":true,"href":"https:\/\/ableiges.fr\/index.php?rest_route=\/wp\/v2\/pages\/47"}],"wp:attachment":[{"href":"https:\/\/ableiges.fr\/index.php?rest_route=%2Fwp%2Fv2%2Fmedia&parent=298"}],"curies":[{"name":"wp","href":"https:\/\/api.w.org\/{rel}","templated":true}]}}