
{"id":301,"date":"2016-06-21T15:22:24","date_gmt":"2016-06-21T13:22:24","guid":{"rendered":"http:\/\/ableiges.fr\/?page_id=301"},"modified":"2025-07-15T14:14:59","modified_gmt":"2025-07-15T12:14:59","slug":"lecole-francois-vaudin","status":"publish","type":"page","link":"https:\/\/ableiges.fr\/?page_id=301","title":{"rendered":"L&#8217;\u00e9cole Fran\u00e7ois VAUDIN"},"content":{"rendered":"<p>[vc_row][vc_column][vc_row_inner][vc_column_inner][vc_column_text]<\/p>\n<p>Les fournitures pour la rentr\u00e9e scolaire\u00a0 25 26 sont <a href=\"https:\/\/ableiges.fr\/wp-content\/uploads\/2025\/07\/liste-fournitures-cp-ce1-2025-2026.pdf\">ici<\/a> !<\/p>\n<p>L\u2019\u00e9cole du hameau (la Villeneuve Saint-Martin) compte au 1er septembre 2024, trois classes constituant un effectif de <strong>71 \u00e9l\u00e8ves.<\/strong><\/p>\n<p>Madame <strong>FLOQUET<\/strong> dont le service (75%) est compl\u00e9t\u00e9 par celui de Madame <strong>Sophia LEMOS<\/strong>, ont en charge une classe de 30 enfants\u00a0 (13 PS et 17 MS).<\/p>\n<p>Madame <b>Aur\u00e9lie LORIER <\/b>enseigne \u00e0 une classe de 21 enfants, (16 GS et 5 CP).<\/p>\n<p>Madame <strong>St\u00e9phanie DEKERLE<\/strong>, directrice de l&#8217;\u00e9cole, encadre 20 enfants (7 CP\/13 CE1).<\/p>\n<p><strong>R\u00e8glement de la garderie\u00a0 20 \u00e0 <span style=\"color: #ff0000\"><a style=\"color: #ff0000\" href=\"https:\/\/ableiges.fr\/wp-content\/uploads\/2024\/09\/7-reglement-garderie.pdf\">consulter ici<\/a><\/span>\u00a0<\/strong><\/p>\n<p><strong>Guide de rentr\u00e9e 20 \u00e0 <span style=\"color: #ff0000\"><a style=\"color: #ff0000\" href=\"https:\/\/ableiges.fr\/wp-content\/uploads\/2024\/09\/1-le-guide-de-la-rentre-2024-2025.pdf\">consulter ici<\/a><\/span><\/strong><\/p>\n<p><strong>\u00c9cole Fran\u00e7ois Vaudin<\/strong><br \/>\n2, rue F. Vaudin<br \/>\nLa Villeneuve Saint-Martin<br \/>\n95450 ABLEIGES<br \/>\nT\u00e9l. : 01 30 39 27 10<\/p>\n","protected":false},"excerpt":{"rendered":"<p>[vc_row][vc_column][vc_row_inner][vc_column_inner][vc_column_text] Les fournitures pour la rentr\u00e9e scolaire\u00a0 25 26 sont ici ! L\u2019\u00e9cole du hameau (la Villeneuve Saint-Martin) compte au 1er septembre 2024, trois classes constituant un effectif de 71 \u00e9l\u00e8ves. Madame FLOQUET dont le service (75%) est compl\u00e9t\u00e9 par celui de Madame Sophia LEMOS, ont en charge une classe de 30 enfants\u00a0 (13 PS [&hellip;]<\/p>\n","protected":false},"author":1,"featured_media":0,"parent":47,"menu_order":0,"comment_status":"closed","ping_status":"closed","template":"","meta":{"_mi_skip_tracking":false,"footnotes":""},"_links":{"self":[{"href":"https:\/\/ableiges.fr\/index.php?rest_route=\/wp\/v2\/pages\/301"}],"collection":[{"href":"https:\/\/ableiges.fr\/index.php?rest_route=\/wp\/v2\/pages"}],"about":[{"href":"https:\/\/ableiges.fr\/index.php?rest_route=\/wp\/v2\/types\/page"}],"author":[{"embeddable":true,"href":"https:\/\/ableiges.fr\/index.php?rest_route=\/wp\/v2\/users\/1"}],"replies":[{"embeddable":true,"href":"https:\/\/ableiges.fr\/index.php?rest_route=%2Fwp%2Fv2%2Fcomments&post=301"}],"version-history":[{"count":34,"href":"https:\/\/ableiges.fr\/index.php?rest_route=\/wp\/v2\/pages\/301\/revisions"}],"predecessor-version":[{"id":8211,"href":"https:\/\/ableiges.fr\/index.php?rest_route=\/wp\/v2\/pages\/301\/revisions\/8211"}],"up":[{"embeddable":true,"href":"https:\/\/ableiges.fr\/index.php?rest_route=\/wp\/v2\/pages\/47"}],"wp:attachment":[{"href":"https:\/\/ableiges.fr\/index.php?rest_route=%2Fwp%2Fv2%2Fmedia&parent=301"}],"curies":[{"name":"wp","href":"https:\/\/api.w.org\/{rel}","templated":true}]}}