
{"id":331,"date":"2016-06-21T16:32:59","date_gmt":"2016-06-21T14:32:59","guid":{"rendered":"http:\/\/ableiges.fr\/?page_id=331"},"modified":"2025-03-21T21:09:37","modified_gmt":"2025-03-21T20:09:37","slug":"college-roland-vasseur","status":"publish","type":"page","link":"https:\/\/ableiges.fr\/?page_id=331","title":{"rendered":"Le coll\u00e8ge Roland VASSEUR"},"content":{"rendered":"<p>[vc_row][vc_column][vc_column_text]La commune d&#8217;Ableiges d\u00e9pend du <strong>coll\u00e8ge <a href=\"https:\/\/clg-vasseur-vigny.ac-versailles.fr\/spip.php?rubrique9\" target=\"_blank\" rel=\"noopener\">Rolland VASSEUR<\/a>\u00a0<\/strong>dans la commune de <a href=\"http:\/\/vigny.fr\/\" target=\"_blank\" rel=\"noopener\">Vigny<\/a>\u00a0situ\u00e9 dans la zone du\u00a0Bord\u2019haut.<\/p>\n<p>Inaugur\u00e9 le 2 f\u00e9vrier 2005, il fut le premier coll\u00e8ge <a href=\"https:\/\/fr.wikipedia.org\/wiki\/Haute_qualit%C3%A9_environnementale\" target=\"_blank\" rel=\"noopener\">Haute Qualit\u00e9 Environnement<\/a> du <a href=\"http:\/\/www.valdoise.fr\/\" target=\"_blank\" rel=\"noopener\">Val d&#8217;Oise<\/a>.<br \/>\nConsultez <a href=\"http:\/\/ableiges.fr\/wp-content\/uploads\/2016\/06\/DP-college-vigny.pdf\" target=\"_blank\" rel=\"noopener\">le dossier de presse de l&#8217;inauguration<\/a>. Il a une capacit\u00e9 d&#8217;accueil de <strong>600 \u00e9l\u00e8ves<\/strong>.<\/p>\n<p>Depuis le bourg, les enfants prennent la ligne de bus 95 24 \u00e0 l&#8217;arr\u00eat de bus &#8220;transformateur&#8221;. Au hameau, il s&#8217;agit de la ligne de bus 95 24 \u00e9galement, l&#8217;arr\u00eat de bus se situe rue Fran\u00e7ois Vaudin.[\/vc_column_text][vc_row_inner][vc_column_inner width=&#8221;1\/3&#8243;][vc_single_image image=&#8221;333&#8243; img_size=&#8221;full&#8221; alignment=&#8221;center&#8221; onclick=&#8221;link_image&#8221;][\/vc_column_inner][vc_column_inner width=&#8221;2\/3&#8243;][vc_message]<a href=\"http:\/\/www.clg-vigny.ac-versailles.fr\/spip.php?rubrique9\" target=\"_blank\" rel=\"noopener\">Coll\u00e8ge Rolland Vasseur<\/a><br \/>\n11, rue Roland Vasseur<br \/>\n95450 VIGNY<br \/>\nT\u00e9l. :\u00a001 30 39 27 23<br \/>\nFax :\u00a001 34 66 10 37<br \/>\nCourriel\u00a0:\u00a0<a href=\"mailto:0952080v@ac-versailles.fr\" target=\"_blank\" rel=\"noopener\">0952080v@ac-versailles.fr<\/a>[\/vc_message][\/vc_column_inner][\/vc_row_inner][\/vc_column][\/vc_row]<\/p>\n","protected":false},"excerpt":{"rendered":"<p>[vc_row][vc_column][vc_column_text]La commune d&#8217;Ableiges d\u00e9pend du coll\u00e8ge Rolland VASSEUR\u00a0dans la commune de Vigny\u00a0situ\u00e9 dans la zone du\u00a0Bord\u2019haut. Inaugur\u00e9 le 2 f\u00e9vrier 2005, il fut le premier coll\u00e8ge Haute Qualit\u00e9 Environnement du Val d&#8217;Oise. Consultez le dossier de presse de l&#8217;inauguration. Il a une capacit\u00e9 d&#8217;accueil de 600 \u00e9l\u00e8ves. Depuis le bourg, les enfants prennent la ligne [&hellip;]<\/p>\n","protected":false},"author":1,"featured_media":0,"parent":47,"menu_order":0,"comment_status":"closed","ping_status":"closed","template":"","meta":{"_mi_skip_tracking":false,"footnotes":""},"_links":{"self":[{"href":"https:\/\/ableiges.fr\/index.php?rest_route=\/wp\/v2\/pages\/331"}],"collection":[{"href":"https:\/\/ableiges.fr\/index.php?rest_route=\/wp\/v2\/pages"}],"about":[{"href":"https:\/\/ableiges.fr\/index.php?rest_route=\/wp\/v2\/types\/page"}],"author":[{"embeddable":true,"href":"https:\/\/ableiges.fr\/index.php?rest_route=\/wp\/v2\/users\/1"}],"replies":[{"embeddable":true,"href":"https:\/\/ableiges.fr\/index.php?rest_route=%2Fwp%2Fv2%2Fcomments&post=331"}],"version-history":[{"count":7,"href":"https:\/\/ableiges.fr\/index.php?rest_route=\/wp\/v2\/pages\/331\/revisions"}],"predecessor-version":[{"id":8026,"href":"https:\/\/ableiges.fr\/index.php?rest_route=\/wp\/v2\/pages\/331\/revisions\/8026"}],"up":[{"embeddable":true,"href":"https:\/\/ableiges.fr\/index.php?rest_route=\/wp\/v2\/pages\/47"}],"wp:attachment":[{"href":"https:\/\/ableiges.fr\/index.php?rest_route=%2Fwp%2Fv2%2Fmedia&parent=331"}],"curies":[{"name":"wp","href":"https:\/\/api.w.org\/{rel}","templated":true}]}}