
{"id":358,"date":"2016-06-22T10:41:01","date_gmt":"2016-06-22T08:41:01","guid":{"rendered":"http:\/\/ableiges.fr\/?page_id=358"},"modified":"2024-09-08T23:19:19","modified_gmt":"2024-09-08T21:19:19","slug":"le-tennis-club","status":"publish","type":"page","link":"https:\/\/ableiges.fr\/?page_id=358","title":{"rendered":"Le tennis club"},"content":{"rendered":"<p>[vc_row][vc_column][vc_column_text]<\/p>\n<h3>Tennis Club d&#8217;Ableiges, un club dynamique et conviviale !<\/h3>\n<p>[\/vc_column_text][vc_row_inner][vc_column_inner width=&#8221;1\/3&#8243;][vc_single_image image=&#8221;1742&#8243; img_size=&#8221;full&#8221; alignment=&#8221;center&#8221; onclick=&#8221;link_image&#8221;][\/vc_column_inner][vc_column_inner width=&#8221;2\/3&#8243;][vc_column_text][\/vc_column_text][\/vc_column_inner][\/vc_row_inner][vc_message]<a href=\"http:\/\/www.tcableiges.fr\/\" target=\"_blank\" rel=\"noopener\">T. C. ABLEIGES <\/a><br \/>\nplace de la mairie<br \/>\n95450 ABLEIGES<br \/>\nPr\u00e9sident : Gr\u00e9gory PASSARD<br \/>\nT\u00e9l. : 06 03 84 10 15<\/p>\n<p>[\/vc_message][vc_column_text]<\/p>\n<style type=\"text\/css\">\n#foogallery-gallery-1250 .fg-image { width: 150px; }\n#foogallery-gallery-1250 { --fg-gutter: 10px; }<\/style>\n\t\t\t<div class=\"foogallery foogallery-container foogallery-default foogallery-lightbox-foobox-free fg-center fg-default fg-ready fg-light fg-border-thin fg-shadow-small fg-loading-default fg-loaded-fade-in fg-hover-fade fg-hover-zoom\" id=\"foogallery-gallery-1250\" data-foogallery=\"{&quot;item&quot;:{&quot;showCaptionTitle&quot;:true,&quot;showCaptionDescription&quot;:false},&quot;lazy&quot;:true}\" style=\"--fg-title-line-clamp: 0; --fg-description-line-clamp: 0;\" >\n\t<div class=\"fg-item fg-type-image fg-idle\"><figure class=\"fg-item-inner\"><a href=\"https:\/\/ableiges.fr\/wp-content\/uploads\/2017\/06\/20170611_200751-e1497458062344.jpg\" data-caption-title=\"Marina, Isabelle et notre tr\u00e9sorier Karim qui remet les r\u00e9compenses aux finalistes du tournoi interne\" data-attachment-id=\"1256\" data-type=\"image\" class=\"fg-thumb\"><span class=\"fg-image-wrap\"><img decoding=\"async\" title=\"Marina, Isabelle et notre tr\u00e9sorier Karim qui remet les r\u00e9compenses aux finalistes du tournoi interne\" width=\"150\" height=\"150\" class=\"skip-lazy fg-image\" data-src-fg=\"https:\/\/ableiges.fr\/wp-content\/uploads\/cache\/2017\/06\/20170611_200751-e1497458062344\/442328559.jpg\" src=\"data:image\/svg+xml,%3Csvg%20xmlns%3D%22http%3A%2F%2Fwww.w3.org%2F2000%2Fsvg%22%20width%3D%22150%22%20height%3D%22150%22%20viewBox%3D%220%200%20150%20150%22%3E%3C%2Fsvg%3E\" loading=\"eager\"><\/span><span class=\"fg-image-overlay\"><\/span><\/a><figcaption class=\"fg-caption\"><div class=\"fg-caption-inner\"><div class=\"fg-caption-title\">Marina, Isabelle et notre tr\u00e9sorier Karim qui remet les r\u00e9compenses aux finalistes du tournoi interne<\/div><\/div><\/figcaption><\/figure><div class=\"fg-loader\"><\/div><\/div><div class=\"fg-item fg-type-image fg-idle\"><figure class=\"fg-item-inner\"><a href=\"https:\/\/ableiges.fr\/wp-content\/uploads\/2017\/06\/20170611_202221-e1497458127362.jpg\" data-caption-title=\"Un repas bien m\u00e9rit\u00e9 !\" data-attachment-id=\"1255\" data-type=\"image\" class=\"fg-thumb\"><span class=\"fg-image-wrap\"><img decoding=\"async\" title=\"Un repas bien m\u00e9rit\u00e9 !\" width=\"150\" height=\"150\" class=\"skip-lazy fg-image\" data-src-fg=\"https:\/\/ableiges.fr\/wp-content\/uploads\/cache\/2017\/06\/20170611_202221-e1497458127362\/228343956.jpg\" src=\"data:image\/svg+xml,%3Csvg%20xmlns%3D%22http%3A%2F%2Fwww.w3.org%2F2000%2Fsvg%22%20width%3D%22150%22%20height%3D%22150%22%20viewBox%3D%220%200%20150%20150%22%3E%3C%2Fsvg%3E\" loading=\"eager\"><\/span><span class=\"fg-image-overlay\"><\/span><\/a><figcaption class=\"fg-caption\"><div class=\"fg-caption-inner\"><div class=\"fg-caption-title\">Un repas bien m\u00e9rit\u00e9 !<\/div><\/div><\/figcaption><\/figure><div class=\"fg-loader\"><\/div><\/div><div class=\"fg-item fg-type-image fg-idle\"><figure class=\"fg-item-inner\"><a href=\"https:\/\/ableiges.fr\/wp-content\/uploads\/2017\/06\/20170611_202207-e1497458171808.jpg\" data-caption-title=\"Un repas bien m\u00e9rit\u00e9\" data-attachment-id=\"1254\" data-type=\"image\" class=\"fg-thumb\"><span class=\"fg-image-wrap\"><img decoding=\"async\" title=\"Un repas bien m\u00e9rit\u00e9\" width=\"150\" height=\"150\" class=\"skip-lazy fg-image\" data-src-fg=\"https:\/\/ableiges.fr\/wp-content\/uploads\/cache\/2017\/06\/20170611_202207-e1497458171808\/1256752866.jpg\" src=\"data:image\/svg+xml,%3Csvg%20xmlns%3D%22http%3A%2F%2Fwww.w3.org%2F2000%2Fsvg%22%20width%3D%22150%22%20height%3D%22150%22%20viewBox%3D%220%200%20150%20150%22%3E%3C%2Fsvg%3E\" loading=\"eager\"><\/span><span class=\"fg-image-overlay\"><\/span><\/a><figcaption class=\"fg-caption\"><div class=\"fg-caption-inner\"><div class=\"fg-caption-title\">Un repas bien m\u00e9rit\u00e9<\/div><\/div><\/figcaption><\/figure><div class=\"fg-loader\"><\/div><\/div><div class=\"fg-item fg-type-image fg-idle\"><figure class=\"fg-item-inner\"><a href=\"https:\/\/ableiges.fr\/wp-content\/uploads\/2017\/06\/20170611_201014-e1497458238280.jpg\" data-caption-title=\"Thibaut et Mathias. Finalistes  jeunes du tournoi interne\" data-attachment-id=\"1253\" data-type=\"image\" class=\"fg-thumb\"><span class=\"fg-image-wrap\"><img decoding=\"async\" title=\"Thibaut et Mathias. Finalistes  jeunes du tournoi interne\" width=\"150\" height=\"150\" class=\"skip-lazy fg-image\" data-src-fg=\"https:\/\/ableiges.fr\/wp-content\/uploads\/cache\/2017\/06\/20170611_201014-e1497458238280\/702141110.jpg\" src=\"data:image\/svg+xml,%3Csvg%20xmlns%3D%22http%3A%2F%2Fwww.w3.org%2F2000%2Fsvg%22%20width%3D%22150%22%20height%3D%22150%22%20viewBox%3D%220%200%20150%20150%22%3E%3C%2Fsvg%3E\" loading=\"eager\"><\/span><span class=\"fg-image-overlay\"><\/span><\/a><figcaption class=\"fg-caption\"><div class=\"fg-caption-inner\"><div class=\"fg-caption-title\">Thibaut et Mathias. Finalistes  jeunes du tournoi interne<\/div><\/div><\/figcaption><\/figure><div class=\"fg-loader\"><\/div><\/div><div class=\"fg-item fg-type-image fg-idle\"><figure class=\"fg-item-inner\"><a href=\"https:\/\/ableiges.fr\/wp-content\/uploads\/2017\/06\/20170611_200909-e1497458356727.jpg\" data-caption-title=\"Gr\u00e9gory et Eric finaliste du tournoi interne\" data-attachment-id=\"1252\" data-type=\"image\" class=\"fg-thumb\"><span class=\"fg-image-wrap\"><img decoding=\"async\" title=\"Gr\u00e9gory et Eric finaliste du tournoi interne\" width=\"150\" height=\"150\" class=\"skip-lazy fg-image\" data-src-fg=\"https:\/\/ableiges.fr\/wp-content\/uploads\/cache\/2017\/06\/20170611_200909-e1497458356727\/1564565147.jpg\" src=\"data:image\/svg+xml,%3Csvg%20xmlns%3D%22http%3A%2F%2Fwww.w3.org%2F2000%2Fsvg%22%20width%3D%22150%22%20height%3D%22150%22%20viewBox%3D%220%200%20150%20150%22%3E%3C%2Fsvg%3E\" loading=\"eager\"><\/span><span class=\"fg-image-overlay\"><\/span><\/a><figcaption class=\"fg-caption\"><div class=\"fg-caption-inner\"><div class=\"fg-caption-title\">Gr\u00e9gory et Eric finaliste du tournoi interne<\/div><\/div><\/figcaption><\/figure><div class=\"fg-loader\"><\/div><\/div><div class=\"fg-item fg-type-image fg-idle\"><figure class=\"fg-item-inner\"><a href=\"https:\/\/ableiges.fr\/wp-content\/uploads\/2017\/06\/20170611_200821-e1497457804133.jpg\" data-caption-title=\"De gauche \u00e0 droite : Gr\u00e9gory pr\u00e9sident du tennis club, Marina vainqueur du tournoi interne, isabelle finaliste, karim notre tr\u00e9sorier et Catherine notre s\u00e9cretaire.\" data-attachment-id=\"1251\" data-type=\"image\" class=\"fg-thumb\"><span class=\"fg-image-wrap\"><img decoding=\"async\" title=\"De gauche \u00e0 droite : Gr\u00e9gory pr\u00e9sident du tennis club, Marina vainqueur du tournoi interne, isabelle finaliste, karim notre tr\u00e9sorier et Catherine notre s\u00e9cretaire.\" width=\"150\" height=\"150\" class=\"skip-lazy fg-image\" data-src-fg=\"https:\/\/ableiges.fr\/wp-content\/uploads\/cache\/2017\/06\/20170611_200821-e1497457804133\/-468843799.jpg\" src=\"data:image\/svg+xml,%3Csvg%20xmlns%3D%22http%3A%2F%2Fwww.w3.org%2F2000%2Fsvg%22%20width%3D%22150%22%20height%3D%22150%22%20viewBox%3D%220%200%20150%20150%22%3E%3C%2Fsvg%3E\" loading=\"eager\"><\/span><span class=\"fg-image-overlay\"><\/span><\/a><figcaption class=\"fg-caption\"><div class=\"fg-caption-inner\"><div class=\"fg-caption-title\">De gauche \u00e0 droite : Gr\u00e9gory pr\u00e9sident du tennis club, Marina vainqueur du tournoi interne, isabelle finaliste, karim notre tr\u00e9sorier et Catherine notre s\u00e9cretaire.<\/div><\/div><\/figcaption><\/figure><div class=\"fg-loader\"><\/div><\/div><div class=\"fg-item fg-type-image fg-idle\"><figure class=\"fg-item-inner\"><a href=\"https:\/\/ableiges.fr\/wp-content\/uploads\/2017\/06\/DSC_0305.jpg\" data-caption-title=\"Animation Fit Tennis\" data-attachment-id=\"1274\" data-type=\"image\" class=\"fg-thumb\"><span class=\"fg-image-wrap\"><img decoding=\"async\" title=\"Animation Fit Tennis\" width=\"150\" height=\"150\" class=\"skip-lazy fg-image\" data-src-fg=\"https:\/\/ableiges.fr\/wp-content\/uploads\/cache\/2017\/06\/DSC_0305\/-1810339719.jpg\" src=\"data:image\/svg+xml,%3Csvg%20xmlns%3D%22http%3A%2F%2Fwww.w3.org%2F2000%2Fsvg%22%20width%3D%22150%22%20height%3D%22150%22%20viewBox%3D%220%200%20150%20150%22%3E%3C%2Fsvg%3E\" loading=\"eager\"><\/span><span class=\"fg-image-overlay\"><\/span><\/a><figcaption class=\"fg-caption\"><div class=\"fg-caption-inner\"><div class=\"fg-caption-title\">Animation Fit Tennis<\/div><\/div><\/figcaption><\/figure><div class=\"fg-loader\"><\/div><\/div><div class=\"fg-item fg-type-image fg-idle\"><figure class=\"fg-item-inner\"><a href=\"https:\/\/ableiges.fr\/wp-content\/uploads\/2017\/06\/DSC_0309.jpg\" data-attachment-id=\"1275\" data-type=\"image\" class=\"fg-thumb\"><span class=\"fg-image-wrap\"><img decoding=\"async\" width=\"150\" height=\"150\" class=\"skip-lazy fg-image\" data-src-fg=\"https:\/\/ableiges.fr\/wp-content\/uploads\/cache\/2017\/06\/DSC_0309\/-1477203054.jpg\" src=\"data:image\/svg+xml,%3Csvg%20xmlns%3D%22http%3A%2F%2Fwww.w3.org%2F2000%2Fsvg%22%20width%3D%22150%22%20height%3D%22150%22%20viewBox%3D%220%200%20150%20150%22%3E%3C%2Fsvg%3E\" loading=\"eager\"><\/span><span class=\"fg-image-overlay\"><\/span><\/a><\/figure><div class=\"fg-loader\"><\/div><\/div><div class=\"fg-item fg-type-image fg-idle\"><figure class=\"fg-item-inner\"><a href=\"https:\/\/ableiges.fr\/wp-content\/uploads\/2017\/06\/DSC_0310.jpg\" data-attachment-id=\"1276\" data-type=\"image\" class=\"fg-thumb\"><span class=\"fg-image-wrap\"><img decoding=\"async\" width=\"150\" height=\"150\" class=\"skip-lazy fg-image\" data-src-fg=\"https:\/\/ableiges.fr\/wp-content\/uploads\/cache\/2017\/06\/DSC_0310\/51044118.jpg\" src=\"data:image\/svg+xml,%3Csvg%20xmlns%3D%22http%3A%2F%2Fwww.w3.org%2F2000%2Fsvg%22%20width%3D%22150%22%20height%3D%22150%22%20viewBox%3D%220%200%20150%20150%22%3E%3C%2Fsvg%3E\" loading=\"eager\"><\/span><span class=\"fg-image-overlay\"><\/span><\/a><\/figure><div class=\"fg-loader\"><\/div><\/div><div class=\"fg-item fg-type-image fg-idle\"><figure class=\"fg-item-inner\"><a href=\"https:\/\/ableiges.fr\/wp-content\/uploads\/2017\/06\/DSC_0319.jpg\" data-caption-title=\"Marina en pleine action\" data-attachment-id=\"1279\" data-type=\"image\" class=\"fg-thumb\"><span class=\"fg-image-wrap\"><img decoding=\"async\" title=\"Marina en pleine action\" width=\"150\" height=\"150\" class=\"skip-lazy fg-image\" data-src-fg=\"https:\/\/ableiges.fr\/wp-content\/uploads\/cache\/2017\/06\/DSC_0319\/1848531618.jpg\" src=\"data:image\/svg+xml,%3Csvg%20xmlns%3D%22http%3A%2F%2Fwww.w3.org%2F2000%2Fsvg%22%20width%3D%22150%22%20height%3D%22150%22%20viewBox%3D%220%200%20150%20150%22%3E%3C%2Fsvg%3E\" loading=\"eager\"><\/span><span class=\"fg-image-overlay\"><\/span><\/a><figcaption class=\"fg-caption\"><div class=\"fg-caption-inner\"><div class=\"fg-caption-title\">Marina en pleine action<\/div><\/div><\/figcaption><\/figure><div class=\"fg-loader\"><\/div><\/div><div class=\"fg-item fg-type-image fg-idle\"><figure class=\"fg-item-inner\"><a href=\"https:\/\/ableiges.fr\/wp-content\/uploads\/2017\/06\/IMG_5508.jpg\" data-attachment-id=\"1280\" data-type=\"image\" class=\"fg-thumb\"><span class=\"fg-image-wrap\"><img decoding=\"async\" width=\"150\" height=\"150\" class=\"skip-lazy fg-image\" data-src-fg=\"https:\/\/ableiges.fr\/wp-content\/uploads\/cache\/2017\/06\/IMG_5508\/-932550335.jpg\" src=\"data:image\/svg+xml,%3Csvg%20xmlns%3D%22http%3A%2F%2Fwww.w3.org%2F2000%2Fsvg%22%20width%3D%22150%22%20height%3D%22150%22%20viewBox%3D%220%200%20150%20150%22%3E%3C%2Fsvg%3E\" loading=\"eager\"><\/span><span class=\"fg-image-overlay\"><\/span><\/a><\/figure><div class=\"fg-loader\"><\/div><\/div><div class=\"fg-item fg-type-image fg-idle\"><figure class=\"fg-item-inner\"><a href=\"https:\/\/ableiges.fr\/wp-content\/uploads\/2017\/06\/DSC_0316.jpg\" data-caption-title=\"Pilou Pilou au service\" data-attachment-id=\"1281\" data-type=\"image\" class=\"fg-thumb\"><span class=\"fg-image-wrap\"><img decoding=\"async\" title=\"Pilou Pilou au service\" width=\"150\" height=\"150\" class=\"skip-lazy fg-image\" data-src-fg=\"https:\/\/ableiges.fr\/wp-content\/uploads\/cache\/2017\/06\/DSC_0316\/1124603111.jpg\" src=\"data:image\/svg+xml,%3Csvg%20xmlns%3D%22http%3A%2F%2Fwww.w3.org%2F2000%2Fsvg%22%20width%3D%22150%22%20height%3D%22150%22%20viewBox%3D%220%200%20150%20150%22%3E%3C%2Fsvg%3E\" loading=\"eager\"><\/span><span class=\"fg-image-overlay\"><\/span><\/a><figcaption class=\"fg-caption\"><div class=\"fg-caption-inner\"><div class=\"fg-caption-title\">Pilou Pilou au service<\/div><\/div><\/figcaption><\/figure><div class=\"fg-loader\"><\/div><\/div><div class=\"fg-item fg-type-image fg-idle\"><figure class=\"fg-item-inner\"><a href=\"https:\/\/ableiges.fr\/wp-content\/uploads\/2017\/06\/DSC_0317.jpg\" data-caption-title=\"Isabelle\" data-attachment-id=\"1282\" data-type=\"image\" class=\"fg-thumb\"><span class=\"fg-image-wrap\"><img decoding=\"async\" title=\"Isabelle\" width=\"150\" height=\"150\" class=\"skip-lazy fg-image\" data-src-fg=\"https:\/\/ableiges.fr\/wp-content\/uploads\/cache\/2017\/06\/DSC_0317\/594505621.jpg\" src=\"data:image\/svg+xml,%3Csvg%20xmlns%3D%22http%3A%2F%2Fwww.w3.org%2F2000%2Fsvg%22%20width%3D%22150%22%20height%3D%22150%22%20viewBox%3D%220%200%20150%20150%22%3E%3C%2Fsvg%3E\" loading=\"eager\"><\/span><span class=\"fg-image-overlay\"><\/span><\/a><figcaption class=\"fg-caption\"><div class=\"fg-caption-inner\"><div class=\"fg-caption-title\">Isabelle<\/div><\/div><\/figcaption><\/figure><div class=\"fg-loader\"><\/div><\/div><\/div>\n\n<p>[\/vc_column_text][\/vc_column][\/vc_row]<\/p>\n","protected":false},"excerpt":{"rendered":"<p>[vc_row][vc_column][vc_column_text] Tennis Club d&#8217;Ableiges, un club dynamique et conviviale ! [\/vc_column_text][vc_row_inner][vc_column_inner width=&#8221;1\/3&#8243;][vc_single_image image=&#8221;1742&#8243; img_size=&#8221;full&#8221; alignment=&#8221;center&#8221; onclick=&#8221;link_image&#8221;][\/vc_column_inner][vc_column_inner width=&#8221;2\/3&#8243;][vc_column_text][\/vc_column_text][\/vc_column_inner][\/vc_row_inner][vc_message]T. C. ABLEIGES place de la mairie 95450 ABLEIGES Pr\u00e9sident : Gr\u00e9gory PASSARD T\u00e9l. : 06 03 84 10 15 [\/vc_message][vc_column_text] [\/vc_column_text][\/vc_column][\/vc_row]<\/p>\n","protected":false},"author":1,"featured_media":0,"parent":49,"menu_order":0,"comment_status":"closed","ping_status":"closed","template":"","meta":{"_mi_skip_tracking":false,"footnotes":""},"_links":{"self":[{"href":"https:\/\/ableiges.fr\/index.php?rest_route=\/wp\/v2\/pages\/358"}],"collection":[{"href":"https:\/\/ableiges.fr\/index.php?rest_route=\/wp\/v2\/pages"}],"about":[{"href":"https:\/\/ableiges.fr\/index.php?rest_route=\/wp\/v2\/types\/page"}],"author":[{"embeddable":true,"href":"https:\/\/ableiges.fr\/index.php?rest_route=\/wp\/v2\/users\/1"}],"replies":[{"embeddable":true,"href":"https:\/\/ableiges.fr\/index.php?rest_route=%2Fwp%2Fv2%2Fcomments&post=358"}],"version-history":[{"count":10,"href":"https:\/\/ableiges.fr\/index.php?rest_route=\/wp\/v2\/pages\/358\/revisions"}],"predecessor-version":[{"id":7642,"href":"https:\/\/ableiges.fr\/index.php?rest_route=\/wp\/v2\/pages\/358\/revisions\/7642"}],"up":[{"embeddable":true,"href":"https:\/\/ableiges.fr\/index.php?rest_route=\/wp\/v2\/pages\/49"}],"wp:attachment":[{"href":"https:\/\/ableiges.fr\/index.php?rest_route=%2Fwp%2Fv2%2Fmedia&parent=358"}],"curies":[{"name":"wp","href":"https:\/\/api.w.org\/{rel}","templated":true}]}}