
{"id":4478,"date":"2020-08-18T00:05:04","date_gmt":"2020-08-17T22:05:04","guid":{"rendered":"https:\/\/ableiges.fr\/?page_id=4478"},"modified":"2020-10-15T23:59:58","modified_gmt":"2020-10-15T21:59:58","slug":"le-club-de-tarot","status":"publish","type":"page","link":"https:\/\/ableiges.fr\/?page_id=4478","title":{"rendered":"Le club Tarot"},"content":{"rendered":"<p>Si vous aimez le jeu de tarot, ce club est fait pour vous. En g\u00e9n\u00e9ral, les joueurs et joueuses se retrouvent le lundi apr\u00e8s midi et le jeudi apr\u00e8s midi \u00e0 la mairie afin de jouer ensemble mais d&#8217;autres jours peuvent \u00eatre envisageables, en fonction de vous !<\/p>\n<p>Vous pouvez prendre contact via ce formulaire :<\/p>\n\n<div class=\"wpcf7 no-js\" id=\"wpcf7-f4499-o1\" lang=\"fr-FR\" dir=\"ltr\">\n<div class=\"screen-reader-response\"><p role=\"status\" aria-live=\"polite\" aria-atomic=\"true\"><\/p> <ul><\/ul><\/div>\n<form action=\"\/index.php?rest_route=%2Fwp%2Fv2%2Fpages%2F4478#wpcf7-f4499-o1\" method=\"post\" class=\"wpcf7-form init\" aria-label=\"Formulaire de contact\" novalidate=\"novalidate\" data-status=\"init\">\n<div style=\"display: none;\">\n<input type=\"hidden\" name=\"_wpcf7\" value=\"4499\" \/>\n<input type=\"hidden\" name=\"_wpcf7_version\" value=\"5.7.7\" \/>\n<input type=\"hidden\" name=\"_wpcf7_locale\" value=\"fr_FR\" \/>\n<input type=\"hidden\" name=\"_wpcf7_unit_tag\" value=\"wpcf7-f4499-o1\" \/>\n<input type=\"hidden\" name=\"_wpcf7_container_post\" value=\"0\" \/>\n<input type=\"hidden\" name=\"_wpcf7_posted_data_hash\" value=\"\" \/>\n<input type=\"hidden\" name=\"_wpcf7_recaptcha_response\" value=\"\" \/>\n<\/div>\n<p><em>Les champs suivi du symbole <span class=\"oblig\">*<\/span> sont obligatoires<\/em>\n<\/p>\n<h4>A propos de vous\n<\/h4>\n<p>Votre civilit\u00e9<span class=\"oblig\">*<\/span><br \/>\n<span class=\"wpcf7-form-control-wrap\" data-name=\"civilite\"><span class=\"wpcf7-form-control wpcf7-radio\"><span class=\"wpcf7-list-item first\"><input type=\"radio\" name=\"civilite\" value=\"M.\" checked=\"checked\" \/><span class=\"wpcf7-list-item-label\">M.<\/span><\/span><span class=\"wpcf7-list-item last\"><input type=\"radio\" name=\"civilite\" value=\"Mme\" \/><span class=\"wpcf7-list-item-label\">Mme<\/span><\/span><\/span><\/span>\n<\/p>\n<div class=\"civilite\">\n\t<p>Votre Pr\u00e9nom<span class=\"oblig\">*<\/span><br \/>\n<span class=\"wpcf7-form-control-wrap\" data-name=\"prnom\"><input size=\"40\" class=\"wpcf7-form-control wpcf7-text wpcf7-validates-as-required\" aria-required=\"true\" aria-invalid=\"false\" placeholder=\"Pr\u00e9nom\" value=\"\" type=\"text\" name=\"prnom\" \/><\/span>\n\t<\/p>\n\t<p>Votre NOM<span class=\"oblig\">*<\/span><br \/>\n<span class=\"wpcf7-form-control-wrap\" data-name=\"nom\"><input size=\"40\" class=\"wpcf7-form-control wpcf7-text wpcf7-validates-as-required\" aria-required=\"true\" aria-invalid=\"false\" placeholder=\"NOM\" value=\"\" type=\"text\" name=\"nom\" \/><\/span>\n\t<\/p>\n<\/div>\n<h4>Votre Message\n<\/h4>\n<p>Sujet de votre message<span class=\"oblig\">*<\/span><br \/>\n<span class=\"wpcf7-form-control-wrap\" data-name=\"sujet\"><input size=\"40\" class=\"wpcf7-form-control wpcf7-text wpcf7-validates-as-required\" aria-required=\"true\" aria-invalid=\"false\" placeholder=\"Sujet de votre message\" value=\"\" type=\"text\" name=\"sujet\" \/><\/span>\n<\/p>\n<p>Votre message<span class=\"oblig\">*<\/span><small>maximum 800 caract\u00e8res<\/small><br \/>\n<span class=\"wpcf7-form-control-wrap\" data-name=\"message\"><textarea cols=\"40\" rows=\"10\" maxlength=\"800\" minlength=\"10\" class=\"wpcf7-form-control wpcf7-textarea wpcf7-validates-as-required\" aria-required=\"true\" aria-invalid=\"false\" name=\"message\"><\/textarea><\/span>\n<\/p>\n<p><small>Votre message contient <strong><span class=\"wpcf7-character-count up\" data-target-name=\"message\" data-starting-value=\"0\" data-current-value=\"0\" data-maximum-value=\"800\" data-minimum-value=\"10\">0<\/span><\/strong> caract\u00e8re(s)<\/small>\n<\/p>\n<h4>Adresse de r\u00e9ponse\n<\/h4>\n<p><em>La r\u00e9ponse \u00e0 votre message vous sera faite via l'adresse mail que vous nous communiquerez, ci-dessous.<\/em>\n<\/p>\n<p>Votre mail<span class=\"oblig\">*<\/span><br \/>\n<span class=\"wpcf7-form-control-wrap\" data-name=\"mail\"><input size=\"40\" class=\"wpcf7-form-control wpcf7-text wpcf7-email wpcf7-validates-as-required wpcf7-validates-as-email\" aria-required=\"true\" aria-invalid=\"false\" placeholder=\"Votre Mail\" value=\"\" type=\"email\" name=\"mail\" \/><\/span>\n<\/p>\n<hr \/>\n\n<hr \/>\n<p><input class=\"wpcf7-form-control has-spinner wpcf7-submit\" type=\"submit\" value=\"Envoyer votre message\" \/>\n<\/p><div class=\"wpcf7-response-output\" aria-hidden=\"true\"><\/div>\n<\/form>\n<\/div>\n\n<iframe src=\"\/\/docs.google.com\/viewer?url=https%3A%2F%2Fableiges.fr%2Fwp-content%2Fuploads%2F2020%2F08%2Faffiche-tarot.pdf&hl=fr&embedded=true\" class=\"gde-frame\" style=\"width:100%; height:500px; border: none;\" scrolling=\"no\"><\/iframe>\n<p class=\"gde-text\"><a href=\"https:\/\/ableiges.fr\/wp-content\/uploads\/2020\/08\/affiche-tarot.pdf\" class=\"gde-link\">T\u00e9l\u00e9charger (PDF, 46KB)<\/a><\/p>\n","protected":false},"excerpt":{"rendered":"<p>Si vous aimez le jeu de tarot, ce club est fait pour vous. En g\u00e9n\u00e9ral, les joueurs et joueuses se retrouvent le lundi apr\u00e8s midi et le jeudi apr\u00e8s midi \u00e0 la mairie afin de jouer ensemble mais d&#8217;autres jours peuvent \u00eatre envisageables, en fonction de vous ! Vous pouvez prendre contact via ce formulaire [&hellip;]<\/p>\n","protected":false},"author":4,"featured_media":0,"parent":0,"menu_order":0,"comment_status":"closed","ping_status":"closed","template":"","meta":{"_mi_skip_tracking":false,"footnotes":""},"_links":{"self":[{"href":"https:\/\/ableiges.fr\/index.php?rest_route=\/wp\/v2\/pages\/4478"}],"collection":[{"href":"https:\/\/ableiges.fr\/index.php?rest_route=\/wp\/v2\/pages"}],"about":[{"href":"https:\/\/ableiges.fr\/index.php?rest_route=\/wp\/v2\/types\/page"}],"author":[{"embeddable":true,"href":"https:\/\/ableiges.fr\/index.php?rest_route=\/wp\/v2\/users\/4"}],"replies":[{"embeddable":true,"href":"https:\/\/ableiges.fr\/index.php?rest_route=%2Fwp%2Fv2%2Fcomments&post=4478"}],"version-history":[{"count":5,"href":"https:\/\/ableiges.fr\/index.php?rest_route=\/wp\/v2\/pages\/4478\/revisions"}],"predecessor-version":[{"id":4648,"href":"https:\/\/ableiges.fr\/index.php?rest_route=\/wp\/v2\/pages\/4478\/revisions\/4648"}],"wp:attachment":[{"href":"https:\/\/ableiges.fr\/index.php?rest_route=%2Fwp%2Fv2%2Fmedia&parent=4478"}],"curies":[{"name":"wp","href":"https:\/\/api.w.org\/{rel}","templated":true}]}}