
{"id":8395,"date":"2025-10-27T21:57:02","date_gmt":"2025-10-27T20:57:02","guid":{"rendered":"https:\/\/ableiges.fr\/?page_id=8395"},"modified":"2025-10-27T21:58:53","modified_gmt":"2025-10-27T20:58:53","slug":"relais-petite-enfance-rpe","status":"publish","type":"page","link":"https:\/\/ableiges.fr\/?page_id=8395","title":{"rendered":"Relais Petite Enfance (RPE)"},"content":{"rendered":"<div class=\"et_pb_module et_pb_text et_pb_text_8 et_pb_text_align_left et_pb_bg_layout_light\">\n<div class=\"et_pb_text_inner\">\n<div class=\"vc_row wpb_row vc_row-fluid\">\n<div class=\"wpb_column vc_column_container vc_col-sm-12\">\n<div class=\"vc_column-inner \">\n<div class=\"wpb_wrapper\">\n<div class=\"wpb_text_column wpb_content_element \">\n<div class=\"wpb_wrapper\">\n<p>Le RPE (Relais Petite Enfance) est un lieu d\u2019accueil, d\u2019informations, d\u2019\u00e9coute et d\u2019\u00e9changes destin\u00e9s aux assistant.e.s maternel.le.s et aux gardes d\u2019enfants \u00e0 domicile, aux enfants, aux futurs parents et aux parents des enfants accueillis.<\/p>\n<p>Le RPE est :<\/p>\n<ul>\n<li>un lieu de professionnalisation et d\u2019animations. L\u2019une des principales missions est d\u2019apporter un soutien et un accompagnement actifs aux assistants maternels et aux gardes d\u2019enfants \u00e0 domicile dans leurs pratiques quotidiennes.<\/li>\n<li>un lieu d\u2019accueil pour les parents employeurs qui peuvent trouver diverses informations, l\u00e9gislatives et administratives, qui s\u2019appliquent \u00e0 la profession.<\/li>\n<\/ul>\n<\/div>\n<\/div>\n<\/div>\n<\/div>\n<\/div>\n<\/div>\n<div class=\"vc_row wpb_row vc_row-fluid\">\n<div class=\"wpb_column vc_column_container vc_col-sm-12\">\n<div class=\"vc_column-inner \">\n<div class=\"wpb_wrapper\">\n<div class=\"wpb_text_column wpb_content_element \">\n<div class=\"wpb_wrapper\">\n<p><strong>Des accueils-jeux<\/strong> sont organis\u00e9s chaque matin, les tout-petits peuvent venir avec leur assistant maternel ou garde d\u2019enfants \u00e0 domicile pour participer \u00e0 des matin\u00e9es de jeux d\u2019\u00e9veil, activit\u00e9s, histoires, comptines, socialisation\u2026<\/p>\n<p>Ces ateliers collectifs sont propos\u00e9s aux assistants maternels ou aux gardes d\u2019enfants \u00e0 domicile, sur 8 communes du territoire, selon le calendrier du mois, disponible en t\u00e9l\u00e9chargement.<\/p>\n<iframe src=\"\/\/docs.google.com\/viewer?url=https%3A%2F%2Fableiges.fr%2Fwp-content%2Fuploads%2F2025%2F10%2Fplanning-rpe-nov25.pdf&hl=fr&embedded=true\" class=\"gde-frame\" style=\"width:100%; height:500px; border: none;\" scrolling=\"no\"><\/iframe>\n<p class=\"gde-text\"><a href=\"https:\/\/ableiges.fr\/wp-content\/uploads\/2025\/10\/planning-rpe-nov25.pdf\" class=\"gde-link\">T\u00e9l\u00e9charger (PDF, 140KB)<\/a><\/p>\n<p><strong>Attention, les inscriptions sont obligatoires aupr\u00e8s des animatrices.<\/strong><\/p>\n<p>Le RPE organise aussi des sorties, rencontres, spectacle avec d\u2019autres structures (cr\u00e8ches, foyers de personnes \u00e2g\u00e9es, sensibilisation au passage \u00e0 l\u2019\u00e9cole maternelle\u2026)<\/p>\n<\/div>\n<\/div>\n<\/div>\n<\/div>\n<\/div>\n<\/div>\n<\/div>\n<\/div>\n<div class=\"et_pb_module et_pb_text et_pb_text_9 et_pb_text_align_left et_pb_bg_layout_light\">\n<div class=\"et_pb_text_inner\">\n<p><em>Les services du RPE sont ouverts du lundi au vendredi de 9h \u00e0 12h30 et de 13h30 \u00e0 17h30.<\/em><\/p>\n<p>En savoir plus sur le site internet \u00a0<a href=\"https:\/\/ccvexincentre.fr\/enfance\/#rpe\">ENFANCE | Communaut\u00e9 de communes Vexin Centre<\/a><\/p>\n<\/div>\n<\/div>\n","protected":false},"excerpt":{"rendered":"<p>Le RPE (Relais Petite Enfance) est un lieu d\u2019accueil, d\u2019informations, d\u2019\u00e9coute et d\u2019\u00e9changes destin\u00e9s aux assistant.e.s maternel.le.s et aux gardes d\u2019enfants \u00e0 domicile, aux enfants, aux futurs parents et aux parents des enfants accueillis. Le RPE est : un lieu de professionnalisation et d\u2019animations. L\u2019une des principales missions est d\u2019apporter un soutien et un accompagnement [&hellip;]<\/p>\n","protected":false},"author":4,"featured_media":0,"parent":0,"menu_order":0,"comment_status":"closed","ping_status":"closed","template":"","meta":{"_mi_skip_tracking":false,"footnotes":""},"_links":{"self":[{"href":"https:\/\/ableiges.fr\/index.php?rest_route=\/wp\/v2\/pages\/8395"}],"collection":[{"href":"https:\/\/ableiges.fr\/index.php?rest_route=\/wp\/v2\/pages"}],"about":[{"href":"https:\/\/ableiges.fr\/index.php?rest_route=\/wp\/v2\/types\/page"}],"author":[{"embeddable":true,"href":"https:\/\/ableiges.fr\/index.php?rest_route=\/wp\/v2\/users\/4"}],"replies":[{"embeddable":true,"href":"https:\/\/ableiges.fr\/index.php?rest_route=%2Fwp%2Fv2%2Fcomments&post=8395"}],"version-history":[{"count":2,"href":"https:\/\/ableiges.fr\/index.php?rest_route=\/wp\/v2\/pages\/8395\/revisions"}],"predecessor-version":[{"id":8399,"href":"https:\/\/ableiges.fr\/index.php?rest_route=\/wp\/v2\/pages\/8395\/revisions\/8399"}],"wp:attachment":[{"href":"https:\/\/ableiges.fr\/index.php?rest_route=%2Fwp%2Fv2%2Fmedia&parent=8395"}],"curies":[{"name":"wp","href":"https:\/\/api.w.org\/{rel}","templated":true}]}}